{"id":177,"date":"2024-08-21T16:26:25","date_gmt":"2024-08-21T16:26:25","guid":{"rendered":"https:\/\/puertomadero.com\/nuevo-sitio\/?page_id=177"},"modified":"2026-03-27T15:00:00","modified_gmt":"2026-03-27T15:00:00","slug":"cpm","status":"publish","type":"page","link":"https:\/\/puertomadero.com\/nuevo-sitio\/cpm\/","title":{"rendered":"CPM"},"content":{"rendered":"<div class=\"wpb-content-wrapper\"><p>[vc_section][vc_row full_width=\u00bbstretch_row_content\u00bb awb_type=\u00bbimage\u00bb awb_image_background_position=\u00bb50% 50%\u00bb css=\u00bb.vc_custom_1725632791692{padding-top: 150px !important;padding-bottom: 120px !important;}\u00bb awb_image=\u00bb181&#8243;][vc_column width=\u00bb1\/4&#8243;][\/vc_column][vc_column width=\u00bb1\/2&#8243;][vc_column_text css=\u00bb\u00bb]<\/p>\n<p style=\"text-align: center;\"><img decoding=\"async\" class=\"\" src=\"https:\/\/puertomadero.com\/nuevo-sitio\/wp-content\/uploads\/2024\/09\/logo-cpm-blancoc-completo.png\" alt=\"Corporaci\u00f3n Puerto Madero\" width=\"80%\" \/><\/p>\n<p>[\/vc_column_text][\/vc_column][vc_column width=\u00bb1\/4&#8243;][\/vc_column][\/vc_row][vc_row full_width=\u00bbstretch_row_content\u00bb css=\u00bb.vc_custom_1725632828485{padding-top: 80px !important;padding-bottom: 20px !important;}\u00bb][vc_column width=\u00bb1\/6&#8243;][\/vc_column][vc_column width=\u00bb2\/3&#8243;][vc_column_text css=\u00bb.vc_custom_1725632862543{margin-bottom: 0px !important;}\u00bb]<\/p>\n<h1 class=\"roboto\" style=\"text-align: center;\">CORPORACI\u00f3N DE PLANEAMIENTO METROPOLITANO<\/h1>\n<p>[\/vc_column_text][vc_row_inner css=\u00bb.vc_custom_1725632839643{margin-top: 0px !important;margin-bottom: 0px !important;}\u00bb][vc_column_inner width=\u00bb1\/4&#8243;][\/vc_column_inner][vc_column_inner width=\u00bb1\/2&#8243;][vc_column_text css=\u00bb.vc_custom_1725906507159{margin-top: 60px !important;margin-bottom: 12px !important;}\u00bb]<\/p>\n<p class=\"destacado\" style=\"text-align: center;\">Hacemos ciudad<\/p>\n<p>[\/vc_column_text][\/vc_column_inner][vc_column_inner width=\u00bb1\/4&#8243;][\/vc_column_inner][\/vc_row_inner][\/vc_column][vc_column width=\u00bb1\/6&#8243;][\/vc_column][\/vc_row][vc_row full_width=\u00bbstretch_row_content\u00bb css=\u00bb.vc_custom_1730825600698{margin-bottom: 0px !important;padding-top: 10px !important;padding-bottom: 80px !important;}\u00bb][vc_column width=\u00bb1\/6&#8243;][\/vc_column][vc_column width=\u00bb2\/3&#8243;][vc_row_inner][vc_column_inner][vc_column_text css=\u00bb\u00bb]<\/p>\n<p class=\"pADosCols\" style=\"text-align: justify;\">Hace 35 a\u00f1os nac\u00eda Corporaci\u00f3n Puerto Madero (CPM) con la misi\u00f3n de transformar las 170 hect\u00e1reas del antiguo puerto en desuso para su integraci\u00f3n con la Ciudad de Buenos Aires.<br \/>\nCon un enfoque innovador y colaborativo de interacci\u00f3n p\u00fablico-privada, Corporaci\u00f3n Puerto Madero se destac\u00f3 por su capacidad de coordinaci\u00f3n, evitando superposici\u00f3n de competencias y asegurando un desarrollo urbano eficiente.<br \/>\nEsta estrategia permiti\u00f3 que Puerto Madero se convirtiera en el vibrante barrio que conocemos y CPM, en una desarrolladora urbana de renombre nacional e internacional.<br \/>\nHoy, CPM se relanza como Corporaci\u00f3n de Planeamiento Metropolitano, con el prop\u00f3sito de llevar el \u00e9xito de Puerto Madero a nuevos horizontes, no solo en Argentina, sino en todo el mundo. Su nueva identidad se despoja del anclaje territorial, a la vez que refleja su \u00e1mbito de acci\u00f3n abarcando todas las dimensiones del desarrollo, la estrategia y la\u00a0gesti\u00f3n\u00a0urbana.<\/p>\n<p>[\/vc_column_text][\/vc_column_inner][\/vc_row_inner][\/vc_column][vc_column width=\u00bb1\/6&#8243;][\/vc_column][\/vc_row][vc_row full_width=\u00bbstretch_row_content\u00bb css=\u00bb.vc_custom_1730982091216{margin-bottom: 0px !important;padding-top: 60px !important;padding-bottom: 60px !important;background-color: #000000 !important;}\u00bb][vc_column width=\u00bb1\/6&#8243;][\/vc_column][vc_column width=\u00bb2\/3&#8243;][vc_row_inner][vc_column_inner][vc_column_text css=\u00bb\u00bb]<\/p>\n<p class=\"txtBlanco\" style=\"text-align: center;\">LICITACI\u00d3N P\u00daBLICA N\u00ba 1\/2026<\/p>\n<p class=\"txtBlanco\" style=\"text-align: center;\">OBRA: CENTRO DE ASISTENCIA COMUNITARIA CeSAC N\u00b0 52 DIOGENES TABORDA N\u00b0 1553 CABA.<\/p>\n<p>[\/vc_column_text][vc_column_text css=\u00bb\u00bb]<\/p>\n<p style=\"text-align: center;\"><a href=\"https:\/\/cpm.ar\/wp-content\/uploads\/2026\/03\/01.-VOLUMEN-I-BASES-DE-LA-OFERTA.pdf\" target=\"_blank\" rel=\"noopener\"><u>VOLUMEN I<\/u><\/a><\/p>\n<p style=\"text-align: center;\"><strong><a href=\"https:\/\/cpm.ar\/wp-content\/uploads\/2026\/03\/02.-VOLUMEN-II-CONDICIONES-DEL-CONTRATO.pdf\" target=\"_blank\" rel=\"noopener\"><u>VOLUMEN II<\/u><\/a><br \/>\n<\/strong><\/p>\n<p style=\"text-align: center;\"><strong><a href=\"https:\/\/cpm.ar\/wp-content\/uploads\/2026\/03\/03.-VOLUMEN-III-Formularios-y-Planilla-de-la-Oferta.pdf\" target=\"_blank\" rel=\"noopener\"><u>VOLUMEN III<\/u><\/a><br \/>\n<\/strong><\/p>\n<p style=\"text-align: center;\"><strong><a href=\"https:\/\/cpm.ar\/wp-content\/uploads\/2026\/03\/04.-Volumen-IV-Pliego-de-Especificaciones-Tecnicas.pdf\" target=\"_blank\" rel=\"noopener\"><u>VOLUMEN IV<\/u><\/a><br \/>\n<\/strong><\/p>\n<p style=\"text-align: center;\"><strong><a href=\"https:\/\/cpm.ar\/wp-content\/uploads\/2026\/03\/05.-Volumen-V-Planos-y-Planillas.pdf\" target=\"_blank\" rel=\"noopener\"><u>VOLUMEN V<\/u><\/a><br \/>\n<\/strong><\/p>\n<p style=\"text-align: center;\"><strong><a href=\"https:\/\/cpm.ar\/wp-content\/uploads\/2026\/03\/CIRCULAR-CON-CONSULTA-No-1.pdf\" target=\"_blank\" rel=\"noopener\"><u>CIRCULAR N\u00ba 1 CON CONSULTA<\/u><\/a><br \/>\n<\/strong><\/p>\n<p style=\"text-align: center;\"><strong><a href=\"https:\/\/cpm.ar\/wp-content\/uploads\/2026\/03\/CIRCULAR-CON-CONSULTA-No-2.pdf\" target=\"_blank\" rel=\"noopener\"><u>CIRCULAR N\u00ba 2 CON CONSULTA<\/u><\/a><br \/>\n<\/strong><\/p>\n<p>[\/vc_column_text][\/vc_column_inner][\/vc_row_inner][\/vc_column][vc_column width=\u00bb1\/6&#8243;][\/vc_column][\/vc_row][\/vc_section][vc_row full_width=\u00bbstretch_row_content\u00bb css=\u00bb.vc_custom_1725633118778{margin-top: -20px !important;margin-bottom: 0px !important;padding-top: 0px !important;padding-bottom: 0px !important;}\u00bb][vc_column width=\u00bb1\/6&#8243; offset=\u00bbvc_hidden-sm vc_hidden-xs\u00bb][\/vc_column][vc_column width=\u00bb2\/3&#8243; css=\u00bb.vc_custom_1725544965252{border-color: #333333 !important;}\u00bb offset=\u00bbvc_hidden-sm vc_hidden-xs\u00bb][vc_raw_html css=\u00bb.vc_custom_1727892621567{margin-top: 0px !important;margin-bottom: 0px !important;padding-top: 0px !important;padding-bottom: 0px !important;}\u00bb]JTNDcCUyMHN0eWxlJTNEJTIydGV4dC1hbGlnbiUzQSUyMGNlbnRlciUzQiUyMiUzRSUwQSUzQ3ZpZGVvJTIwd2lkdGglM0QlMjI5MCUyNSUyMiUyMGF1dG9wbGF5JTIwbXV0ZWQlMjBsb29wJTIwcGxheXNpbmxpbmUlM0UlMEElMjAlMjAlM0Nzb3VyY2UlMjBzcmMlM0QlMjJodHRwcyUzQSUyRiUyRnB1ZXJ0b21hZGVyby5jb20lMkZudWV2by1zaXRpbyUyRndwLWNvbnRlbnQlMkZ1cGxvYWRzJTJGMjAyNCUyRjA5JTJGUE0tR0lGLVBFU1RBTkEtQ1BNLm1wNCUyMiUyMHR5cGUlM0QlMjJ2aWRlbyUyRm1wNCUyMiUzRSUwQSUyMCUyMCUzQyUyMS0tJTIwVGV4dG8lMjBhbHRlcm5hdGl2byUyMC0tJTNFJTBBJTNDJTJGdmlkZW8lM0UlMEElM0MlMkZwJTNF[\/vc_raw_html][\/vc_column][vc_column width=\u00bb1\/6&#8243; offset=\u00bbvc_hidden-sm vc_hidden-xs\u00bb][\/vc_column][vc_column width=\u00bb1\/6&#8243; offset=\u00bbvc_hidden-lg vc_hidden-md\u00bb][\/vc_column][vc_column width=\u00bb2\/3&#8243; offset=\u00bbvc_hidden-lg vc_hidden-md\u00bb][vc_column_text css=\u00bb\u00bb]<\/p>\n<p style=\"text-align: center;\"><img decoding=\"async\" class=\"\" src=\"https:\/\/puertomadero.com\/nuevo-sitio\/wp-content\/uploads\/2024\/09\/PM-GIF-PESTANA-CPM-MOBILE.gif\" alt=\"\" width=\"90%\" \/><\/p>\n<p>[\/vc_column_text][\/vc_column][\/vc_row][vc_row full_width=\u00bbstretch_row_content\u00bb css=\u00bb.vc_custom_1725633128040{margin-top: -20px !important;padding-top: 0px !important;padding-bottom: 0px !important;}\u00bb][vc_column width=\u00bb1\/6&#8243;][\/vc_column][vc_column width=\u00bb2\/3&#8243; css=\u00bb.vc_custom_1724258837502{padding-top: 0px !important;}\u00bb][vc_column_text css=\u00bb.vc_custom_1726079207081{margin-top: 60px !important;}\u00bb]<\/p>\n<p class=\"destacado\" style=\"text-align: center;\">Reconocida a nivel internacional por su capacidad para transformar espacios y liderar proyectos urbanos complejos, CPM se posiciona de cara a los desaf\u00edos del futuro y ofrece soluciones innovadoras a escala global. Especialista en planificaci\u00f3n, desarrollo y gesti\u00f3n de proyectos urban\u00edsticos, la nueva CPM cuenta con el expertise para asistir a inversores y gobiernos en el an\u00e1lisis, diagn\u00f3stico y formulaci\u00f3n de propuestas para su\u00a0implementaci\u00f3n.<\/p>\n<p>[\/vc_column_text][\/vc_column][vc_column width=\u00bb1\/6&#8243;][\/vc_column][\/vc_row][vc_row full_width=\u00bbstretch_row_content\u00bb css=\u00bb.vc_custom_1725633170610{padding-top: 10px !important;padding-bottom: 10px !important;}\u00bb][vc_column offset=\u00bbvc_hidden-xs\u00bb][vc_raw_html css=\u00bb.vc_custom_1729273287598{margin-top: 0px !important;margin-bottom: 0px !important;padding-top: 0px !important;padding-bottom: 0px !important;}\u00bb]JTNDcCUyMHN0eWxlJTNEJTIydGV4dC1hbGlnbiUzQSUyMGNlbnRlciUzQiUyMiUzRSUwQSUzQ3ZpZGVvJTIwd2lkdGglM0QlMjIxMDAlMjUlMjIlMjBoZWlnaHQlM0QlMjIzMzUlMjIlMjBhdXRvcGxheSUyMG11dGVkJTIwbG9vcCUyMHBsYXlzaW5saW5lJTNFJTBBJTIwJTIwJTNDc291cmNlJTIwc3JjJTNEJTIyaHR0cHMlM0ElMkYlMkZjcG0uYXIlMkZ3cC1jb250ZW50JTJGdXBsb2FkcyUyRjIwMjQlMkYxMCUyRkdSSUxMQS1MT0dPLTE4NjgteC0zMzQubXA0JTIyJTIwdHlwZSUzRCUyMnZpZGVvJTJGbXA0JTIyJTNFJTBBJTIwJTIwJTNDJTIxLS0lMjBUZXh0byUyMGFsdGVybmF0aXZvJTIwLS0lM0UlMEElM0MlMkZ2aWRlbyUzRSUwQSUzQyUyRnAlM0U=[\/vc_raw_html][\/vc_column][vc_column offset=\u00bbvc_hidden-lg vc_hidden-md vc_hidden-sm\u00bb][vc_raw_html css=\u00bb.vc_custom_1727892636140{margin-top: 0px !important;margin-bottom: 0px !important;padding-top: 0px !important;padding-bottom: 0px !important;}\u00bb]JTNDcCUyMHN0eWxlJTNEJTIydGV4dC1hbGlnbiUzQSUyMGNlbnRlciUzQiUyMiUzRSUwQSUzQ3ZpZGVvJTIwd2lkdGglM0QlMjI5MCUyNSUyMiUyMGF1dG9wbGF5JTIwbXV0ZWQlMjBsb29wJTIwcGxheXNpbmxpbmUlM0UlMEElMjAlMjAlM0Nzb3VyY2UlMjBzcmMlM0QlMjJodHRwcyUzQSUyRiUyRnB1ZXJ0b21hZGVyby5jb20lMkZudWV2by1zaXRpbyUyRndwLWNvbnRlbnQlMkZ1cGxvYWRzJTJGMjAyNCUyRjA5JTJGR1JJTExBLTEwODB4MTA4MC0xLm1wNCUyMiUyMHR5cGUlM0QlMjJ2aWRlbyUyRm1wNCUyMiUzRSUwQSUyMCUyMCUzQyUyMS0tJTIwVGV4dG8lMjBhbHRlcm5hdGl2byUyMC0tJTNFJTBBJTNDJTJGdmlkZW8lM0UlMEElM0MlMkZwJTNF[\/vc_raw_html][\/vc_column][\/vc_row][vc_row full_width=\u00bbstretch_row_content\u00bb css=\u00bb.vc_custom_1725633160817{margin-top: 0px !important;padding-top: 0px !important;padding-bottom: 40px !important;}\u00bb][vc_column width=\u00bb1\/6&#8243;][\/vc_column][vc_column width=\u00bb2\/3&#8243;][vc_column_text css=\u00bb.vc_custom_1725475730199{margin-top: 60px !important;}\u00bb]<\/p>\n<p class=\"destacado\" style=\"text-align: center;\">PLANIFICACI\u00d3N, DESARROLLO Y GESTI\u00f3n<\/p>\n<p>[\/vc_column_text][vc_row_inner css=\u00bb.vc_custom_1725633206629{margin-bottom: 0px !important;}\u00bb][vc_column_inner][vc_column_text css=\u00bb.vc_custom_1725633212696{margin-bottom: 0px !important;}\u00bb]<\/p>\n<p class=\"pADosCols\" style=\"text-align: justify;\"><strong>Planificaci\u00f3n.<\/strong> CPM es consultor en la elaboraci\u00f3n de planes, programas y proyectos urban\u00edsticos, de renovaci\u00f3n y desarrollo. Asiste a inversores y gobiernos en los procesos de an\u00e1lisis y diagn\u00f3stico, y en la formulaci\u00f3n de propuestas y su implementaci\u00f3n.<br \/>\n<strong>Desarrollo.<\/strong> Instrumenta programas y proyectos destinados al planeamiento urbano y a la ejecuci\u00f3n de obras, optimizando los recursos p\u00fablicos. Brinda herramientas para fortalecer la capacidad de gesti\u00f3n en la implementaci\u00f3n de pol\u00edticas p\u00fablicas locales y en la articulaci\u00f3n e integraci\u00f3n de objetivos con los sectores privados.<br \/>\n<strong>Gesti\u00f3n.<\/strong> Favorece sinergias de colaboraci\u00f3n entre el sector p\u00fablico y el privado, en el marco de acciones concretas. Instrumenta mecanismos para transformar y rehabilitar espacios urbanos a trav\u00e9s de propuestas integradoras.<\/p>\n<p>[\/vc_column_text][\/vc_column_inner][\/vc_row_inner][\/vc_column][vc_column width=\u00bb1\/6&#8243;][\/vc_column][\/vc_row][vc_row css=\u00bb.vc_custom_1725633199605{margin-top: 0px !important;}\u00bb][vc_column][vc_column_text css=\u00bb\u00bb]<\/p>\n<p style=\"text-align: center;\"><a class=\"masInfo\" href=\"http:\/\/cpm.ar\" target=\"_blank\" rel=\"noopener\">IR AL SITIO<\/a><\/p>\n<p>[\/vc_column_text][\/vc_column][\/vc_row]<\/p>\n<\/div>","protected":false},"excerpt":{"rendered":"<p>[vc_section][vc_row full_width=\u00bbstretch_row_content\u00bb awb_type=\u00bbimage\u00bb awb_image_background_position=\u00bb50% 50%\u00bb css=\u00bb.vc_custom_1725632791692{padding-top: 150px !important;padding-bottom: 120px !important;}\u00bb awb_image=\u00bb181&#8243;][vc_column width=\u00bb1\/4&#8243;][\/vc_column][vc_column width=\u00bb1\/2&#8243;][vc_column_text css=\u00bb\u00bb] [\/vc_column_text][\/vc_column][vc_column width=\u00bb1\/4&#8243;][\/vc_column][\/vc_row][vc_row full_width=\u00bbstretch_row_content\u00bb css=\u00bb.vc_custom_1725632828485{padding-top: 80px !important;padding-bottom: 20px !important;}\u00bb][vc_column width=\u00bb1\/6&#8243;][\/vc_column][vc_column width=\u00bb2\/3&#8243;][vc_column_text css=\u00bb.vc_custom_1725632862543{margin-bottom: 0px !important;}\u00bb] CORPORACI\u00f3N DE PLANEAMIENTO METROPOLITANO [\/vc_column_text][vc_row_inner css=\u00bb.vc_custom_1725632839643{margin-top: 0px !important;margin-bottom: 0px !important;}\u00bb][vc_column_inner width=\u00bb1\/4&#8243;][\/vc_column_inner][vc_column_inner width=\u00bb1\/2&#8243;][vc_column_text css=\u00bb.vc_custom_1725906507159{margin-top: 60px !important;margin-bottom: 12px !important;}\u00bb] Hacemos ciudad [\/vc_column_text][\/vc_column_inner][vc_column_inner width=\u00bb1\/4&#8243;][\/vc_column_inner][\/vc_row_inner][\/vc_column][vc_column width=\u00bb1\/6&#8243;][\/vc_column][\/vc_row][vc_row full_width=\u00bbstretch_row_content\u00bb css=\u00bb.vc_custom_1730825600698{margin-bottom: 0px !important;padding-top: 10px !important;padding-bottom: [&hellip;]<\/p>\n","protected":false},"author":2,"featured_media":0,"parent":0,"menu_order":0,"comment_status":"closed","ping_status":"closed","template":"page-full-width.php","meta":{"footnotes":""},"class_list":["post-177","page","type-page","status-publish","hentry"],"_links":{"self":[{"href":"https:\/\/puertomadero.com\/nuevo-sitio\/wp-json\/wp\/v2\/pages\/177","targetHints":{"allow":["GET"]}}],"collection":[{"href":"https:\/\/puertomadero.com\/nuevo-sitio\/wp-json\/wp\/v2\/pages"}],"about":[{"href":"https:\/\/puertomadero.com\/nuevo-sitio\/wp-json\/wp\/v2\/types\/page"}],"author":[{"embeddable":true,"href":"https:\/\/puertomadero.com\/nuevo-sitio\/wp-json\/wp\/v2\/users\/2"}],"replies":[{"embeddable":true,"href":"https:\/\/puertomadero.com\/nuevo-sitio\/wp-json\/wp\/v2\/comments?post=177"}],"version-history":[{"count":94,"href":"https:\/\/puertomadero.com\/nuevo-sitio\/wp-json\/wp\/v2\/pages\/177\/revisions"}],"predecessor-version":[{"id":1131,"href":"https:\/\/puertomadero.com\/nuevo-sitio\/wp-json\/wp\/v2\/pages\/177\/revisions\/1131"}],"wp:attachment":[{"href":"https:\/\/puertomadero.com\/nuevo-sitio\/wp-json\/wp\/v2\/media?parent=177"}],"curies":[{"name":"wp","href":"https:\/\/api.w.org\/{rel}","templated":true}]}}