{"id":329,"date":"2024-08-29T19:43:45","date_gmt":"2024-08-29T19:43:45","guid":{"rendered":"https:\/\/puertomadero.com\/nuevo-sitio\/?page_id=329"},"modified":"2024-10-30T19:47:10","modified_gmt":"2024-10-30T19:47:10","slug":"jet-schepp","status":"publish","type":"page","link":"https:\/\/puertomadero.com\/nuevo-sitio\/jet-schepp\/","title":{"rendered":"JET SCHEPP"},"content":{"rendered":"<div class=\"wpb-content-wrapper\"><p>[vc_row full_width=\u00bbstretch_row_content\u00bb awb_type=\u00bbimage\u00bb awb_image_background_position=\u00bb50% 50%\u00bb css=\u00bb.vc_custom_1729536121392{padding-top: 60px !important;padding-bottom: 60px !important;}\u00bb awb_image=\u00bb330&#8243; el_id=\u00bbenDesktop\u00bb][vc_column][vc_empty_space height=\u00bb420&#8243;][\/vc_column][\/vc_row][vc_row full_width=\u00bbstretch_row_content_no_spaces\u00bb awb_type=\u00bbimage\u00bb el_id=\u00bbenMobile\u00bb][vc_column][vc_column_text css=\u00bb\u00bb]<img decoding=\"async\" class=\"alignnone size-full wp-image-779\" src=\"https:\/\/puertomadero.com\/nuevo-sitio\/wp-content\/uploads\/2024\/10\/PM_JetScheppMOB.jpg\" alt=\"\" width=\"100%\" \/>[\/vc_column_text][\/vc_column][\/vc_row][vc_row full_width=\u00bbstretch_row_content\u00bb css=\u00bb.vc_custom_1725899529456{padding-top: 80px !important;padding-bottom: 20px !important;}\u00bb][vc_column width=\u00bb1\/6&#8243;][\/vc_column][vc_column width=\u00bb2\/3&#8243;][vc_column_text css=\u00bb.vc_custom_1730317578022{margin-bottom: 0px !important;}\u00bb]<\/p>\n<h1 class=\"roboto\" style=\"text-align: center;\">Jet Schepp<\/h1>\n<p>[\/vc_column_text][vc_column_text css=\u00bb.vc_custom_1725899589801{margin-top: 10px !important;margin-bottom: 0px !important;}\u00bb]<\/p>\n<p class=\"destacado\" style=\"text-align: center;\">R\u00c9PLICA DE ANA FRANK<br \/>\nBRONCE \/ 2014<\/p>\n<p>[\/vc_column_text][\/vc_column][vc_column width=\u00bb1\/6&#8243;][\/vc_column][\/vc_row][vc_row full_width=\u00bbstretch_row_content\u00bb css=\u00bb.vc_custom_1725899630625{margin-top: 0px !important;padding-top: 0px !important;padding-bottom: 40px !important;}\u00bb][vc_column width=\u00bb1\/6&#8243;][\/vc_column][vc_column width=\u00bb2\/3&#8243;][vc_column_text css=\u00bb.vc_custom_1724960140308{margin-top: 60px !important;}\u00bb]<\/p>\n<p class=\"destacado\" style=\"text-align: center;\">La escultura de Jet Schepp, instalada en Buenos Aires, es una r\u00e9plica de la obra situada en la plaza Merwedeplein de \u00c1msterdam, cerca de la casa de la familia Frank. Esta emotiva representaci\u00f3n muestra a Ana Frank mirando hacia adelante, con un malet\u00edn de colegio bajo un brazo y una bolsa casi escondida en el otro. La pieza, al capturar la esencia de la ni\u00f1a en su vida cotidiana, no solo rinde un profundo homenaje a su memoria, sino que tambi\u00e9n sirve como un poderoso recordatorio de su legado y de la historia que nos interpela.<\/p>\n<p>[\/vc_column_text][\/vc_column][vc_column width=\u00bb1\/6&#8243;][\/vc_column][\/vc_row][vc_row][vc_column][vc_empty_space height=\u00bb50px\u00bb][\/vc_column][\/vc_row]<\/p>\n<\/div>","protected":false},"excerpt":{"rendered":"<p>[vc_row full_width=\u00bbstretch_row_content\u00bb awb_type=\u00bbimage\u00bb awb_image_background_position=\u00bb50% 50%\u00bb css=\u00bb.vc_custom_1729536121392{padding-top: 60px !important;padding-bottom: 60px !important;}\u00bb awb_image=\u00bb330&#8243; el_id=\u00bbenDesktop\u00bb][vc_column][vc_empty_space height=\u00bb420&#8243;][\/vc_column][\/vc_row][vc_row full_width=\u00bbstretch_row_content_no_spaces\u00bb awb_type=\u00bbimage\u00bb el_id=\u00bbenMobile\u00bb][vc_column][vc_column_text css=\u00bb\u00bb][\/vc_column_text][\/vc_column][\/vc_row][vc_row full_width=\u00bbstretch_row_content\u00bb css=\u00bb.vc_custom_1725899529456{padding-top: 80px !important;padding-bottom: 20px !important;}\u00bb][vc_column width=\u00bb1\/6&#8243;][\/vc_column][vc_column width=\u00bb2\/3&#8243;][vc_column_text css=\u00bb.vc_custom_1730317578022{margin-bottom: 0px !important;}\u00bb] Jet Schepp [\/vc_column_text][vc_column_text css=\u00bb.vc_custom_1725899589801{margin-top: 10px !important;margin-bottom: 0px !important;}\u00bb] R\u00c9PLICA DE ANA FRANK BRONCE \/ 2014 [\/vc_column_text][\/vc_column][vc_column width=\u00bb1\/6&#8243;][\/vc_column][\/vc_row][vc_row full_width=\u00bbstretch_row_content\u00bb css=\u00bb.vc_custom_1725899630625{margin-top: 0px !important;padding-top: 0px !important;padding-bottom: 40px !important;}\u00bb][vc_column width=\u00bb1\/6&#8243;][\/vc_column][vc_column width=\u00bb2\/3&#8243;][vc_column_text [&hellip;]<\/p>\n","protected":false},"author":2,"featured_media":0,"parent":0,"menu_order":0,"comment_status":"closed","ping_status":"closed","template":"page-full-width.php","meta":{"footnotes":""},"class_list":["post-329","page","type-page","status-publish","hentry"],"_links":{"self":[{"href":"https:\/\/puertomadero.com\/nuevo-sitio\/wp-json\/wp\/v2\/pages\/329","targetHints":{"allow":["GET"]}}],"collection":[{"href":"https:\/\/puertomadero.com\/nuevo-sitio\/wp-json\/wp\/v2\/pages"}],"about":[{"href":"https:\/\/puertomadero.com\/nuevo-sitio\/wp-json\/wp\/v2\/types\/page"}],"author":[{"embeddable":true,"href":"https:\/\/puertomadero.com\/nuevo-sitio\/wp-json\/wp\/v2\/users\/2"}],"replies":[{"embeddable":true,"href":"https:\/\/puertomadero.com\/nuevo-sitio\/wp-json\/wp\/v2\/comments?post=329"}],"version-history":[{"count":10,"href":"https:\/\/puertomadero.com\/nuevo-sitio\/wp-json\/wp\/v2\/pages\/329\/revisions"}],"predecessor-version":[{"id":825,"href":"https:\/\/puertomadero.com\/nuevo-sitio\/wp-json\/wp\/v2\/pages\/329\/revisions\/825"}],"wp:attachment":[{"href":"https:\/\/puertomadero.com\/nuevo-sitio\/wp-json\/wp\/v2\/media?parent=329"}],"curies":[{"name":"wp","href":"https:\/\/api.w.org\/{rel}","templated":true}]}}