{"id":332,"date":"2024-08-29T19:48:09","date_gmt":"2024-08-29T19:48:09","guid":{"rendered":"https:\/\/puertomadero.com\/nuevo-sitio\/?page_id=332"},"modified":"2024-10-21T18:42:08","modified_gmt":"2024-10-21T18:42:08","slug":"gaetano-moretti-y-giannino-castiglioni","status":"publish","type":"page","link":"https:\/\/puertomadero.com\/nuevo-sitio\/gaetano-moretti-y-giannino-castiglioni\/","title":{"rendered":"GAETANO MORETTI y GIANNINO CASTIGLIONI"},"content":{"rendered":"<div class=\"wpb-content-wrapper\"><p>[vc_row full_width=\u00bbstretch_row_content\u00bb awb_type=\u00bbimage\u00bb awb_image_background_position=\u00bb50% 50%\u00bb css=\u00bb.vc_custom_1729536059356{padding-top: 60px !important;padding-bottom: 60px !important;}\u00bb awb_image=\u00bb333&#8243; el_id=\u00bbenDesktop\u00bb][vc_column][vc_empty_space height=\u00bb420&#8243;][\/vc_column][\/vc_row][vc_row full_width=\u00bbstretch_row_content_no_spaces\u00bb awb_type=\u00bbimage\u00bb el_id=\u00bbenMobile\u00bb][vc_column][vc_column_text css=\u00bb\u00bb]<img decoding=\"async\" class=\"alignnone size-full wp-image-779\" src=\"https:\/\/puertomadero.com\/nuevo-sitio\/wp-content\/uploads\/2024\/10\/PM_MorettiCastiglioniMOB.jpg\" alt=\"\" width=\"100%\" \/>[\/vc_column_text][\/vc_column][\/vc_row][vc_row full_width=\u00bbstretch_row_content\u00bb css=\u00bb.vc_custom_1725899688817{padding-top: 80px !important;padding-bottom: 20px !important;}\u00bb][vc_column width=\u00bb1\/6&#8243;][\/vc_column][vc_column width=\u00bb2\/3&#8243;][vc_column_text css=\u00bb.vc_custom_1724960375008{margin-bottom: 0px !important;}\u00bb]<\/p>\n<h1 class=\"roboto\" style=\"text-align: center;\">GAETANO MORETTI Y GIANNINO CASTIGLIONI<\/h1>\n<p>[\/vc_column_text][vc_column_text css=\u00bb.vc_custom_1725899700589{margin-bottom: 0px !important;}\u00bb]<\/p>\n<p class=\"destacado\" style=\"text-align: center;\">ANTENA MONUMENTAL<br \/>\nHIERRO Y M\u00c1RMOL \/ 1927<\/p>\n<p>[\/vc_column_text][\/vc_column][vc_column width=\u00bb1\/6&#8243;][\/vc_column][\/vc_row][vc_row full_width=\u00bbstretch_row_content\u00bb css=\u00bb.vc_custom_1725899860141{margin-top: 20px !important;padding-top: 20px !important;padding-bottom: 40px !important;}\u00bb][vc_column width=\u00bb1\/6&#8243;][\/vc_column][vc_column width=\u00bb2\/3&#8243;][vc_column_text css=\u00bb.vc_custom_1725899760800{margin-top: 20px !important;}\u00bb]<\/p>\n<p class=\"destacado\" style=\"text-align: center;\">La obra \u00abAntena Monumental\u00bb, dise\u00f1ada por el arquitecto y restaurador italiano Gaetano Moretti y esculpida por Giannino Castiglione, es una pieza emblem\u00e1tica que combina elementos arquitect\u00f3nicos y escult\u00f3ricos. Este imponente m\u00e1stil, coronado por una antena de hierro y adornado con un ornamento de motivo florentino, se erige sobre una base de escalinatas de m\u00e1rmol de Carrara. Fue inaugurada en 1927 como donaci\u00f3n de la colectividad italiana en honor a la visita del pr\u00edncipe Umberto II de Savoia, la escultura lleg\u00f3 a ser el m\u00e1stil m\u00e1s alto de la ciudad y un punto de referencia para los pasajeros que llegaban al puerto de Buenos Aires.<\/p>\n<p>[\/vc_column_text][\/vc_column][vc_column width=\u00bb1\/6&#8243;][\/vc_column][\/vc_row][vc_row][vc_column][vc_empty_space height=\u00bb50px\u00bb][\/vc_column][\/vc_row]<\/p>\n<\/div>","protected":false},"excerpt":{"rendered":"<p>[vc_row full_width=\u00bbstretch_row_content\u00bb awb_type=\u00bbimage\u00bb awb_image_background_position=\u00bb50% 50%\u00bb css=\u00bb.vc_custom_1729536059356{padding-top: 60px !important;padding-bottom: 60px !important;}\u00bb awb_image=\u00bb333&#8243; el_id=\u00bbenDesktop\u00bb][vc_column][vc_empty_space height=\u00bb420&#8243;][\/vc_column][\/vc_row][vc_row full_width=\u00bbstretch_row_content_no_spaces\u00bb awb_type=\u00bbimage\u00bb el_id=\u00bbenMobile\u00bb][vc_column][vc_column_text css=\u00bb\u00bb][\/vc_column_text][\/vc_column][\/vc_row][vc_row full_width=\u00bbstretch_row_content\u00bb css=\u00bb.vc_custom_1725899688817{padding-top: 80px !important;padding-bottom: 20px !important;}\u00bb][vc_column width=\u00bb1\/6&#8243;][\/vc_column][vc_column width=\u00bb2\/3&#8243;][vc_column_text css=\u00bb.vc_custom_1724960375008{margin-bottom: 0px !important;}\u00bb] GAETANO MORETTI Y GIANNINO CASTIGLIONI [\/vc_column_text][vc_column_text css=\u00bb.vc_custom_1725899700589{margin-bottom: 0px !important;}\u00bb] ANTENA MONUMENTAL HIERRO Y M\u00c1RMOL \/ 1927 [\/vc_column_text][\/vc_column][vc_column width=\u00bb1\/6&#8243;][\/vc_column][\/vc_row][vc_row full_width=\u00bbstretch_row_content\u00bb css=\u00bb.vc_custom_1725899860141{margin-top: 20px !important;padding-top: 20px !important;padding-bottom: 40px !important;}\u00bb][vc_column width=\u00bb1\/6&#8243;][\/vc_column][vc_column [&hellip;]<\/p>\n","protected":false},"author":2,"featured_media":0,"parent":0,"menu_order":0,"comment_status":"closed","ping_status":"closed","template":"page-full-width.php","meta":{"footnotes":""},"class_list":["post-332","page","type-page","status-publish","hentry"],"_links":{"self":[{"href":"https:\/\/puertomadero.com\/nuevo-sitio\/wp-json\/wp\/v2\/pages\/332","targetHints":{"allow":["GET"]}}],"collection":[{"href":"https:\/\/puertomadero.com\/nuevo-sitio\/wp-json\/wp\/v2\/pages"}],"about":[{"href":"https:\/\/puertomadero.com\/nuevo-sitio\/wp-json\/wp\/v2\/types\/page"}],"author":[{"embeddable":true,"href":"https:\/\/puertomadero.com\/nuevo-sitio\/wp-json\/wp\/v2\/users\/2"}],"replies":[{"embeddable":true,"href":"https:\/\/puertomadero.com\/nuevo-sitio\/wp-json\/wp\/v2\/comments?post=332"}],"version-history":[{"count":13,"href":"https:\/\/puertomadero.com\/nuevo-sitio\/wp-json\/wp\/v2\/pages\/332\/revisions"}],"predecessor-version":[{"id":806,"href":"https:\/\/puertomadero.com\/nuevo-sitio\/wp-json\/wp\/v2\/pages\/332\/revisions\/806"}],"wp:attachment":[{"href":"https:\/\/puertomadero.com\/nuevo-sitio\/wp-json\/wp\/v2\/media?parent=332"}],"curies":[{"name":"wp","href":"https:\/\/api.w.org\/{rel}","templated":true}]}}