{"id":335,"date":"2024-08-29T19:57:35","date_gmt":"2024-08-29T19:57:35","guid":{"rendered":"https:\/\/puertomadero.com\/nuevo-sitio\/?page_id=335"},"modified":"2024-10-21T18:40:48","modified_gmt":"2024-10-21T18:40:48","slug":"marta-minujin","status":"publish","type":"page","link":"https:\/\/puertomadero.com\/nuevo-sitio\/marta-minujin\/","title":{"rendered":"MARTA MINUJ\u00cdN"},"content":{"rendered":"<div class=\"wpb-content-wrapper\"><p>[vc_row full_width=\u00bbstretch_row_content\u00bb awb_type=\u00bbimage\u00bb awb_image_background_position=\u00bb50% 50%\u00bb css=\u00bb.vc_custom_1729535979068{padding-top: 60px !important;padding-bottom: 60px !important;}\u00bb awb_image=\u00bb336&#8243; el_id=\u00bbenDesktop\u00bb][vc_column][vc_empty_space height=\u00bb420&#8243;][\/vc_column][\/vc_row][vc_row full_width=\u00bbstretch_row_content_no_spaces\u00bb awb_type=\u00bbimage\u00bb el_id=\u00bbenMobile\u00bb][vc_column][vc_column_text css=\u00bb\u00bb]<img decoding=\"async\" class=\"alignnone size-full wp-image-779\" src=\"https:\/\/puertomadero.com\/nuevo-sitio\/wp-content\/uploads\/2024\/10\/PM_MartaMinujinMOB.jpg\" alt=\"\" width=\"100%\" \/>[\/vc_column_text][\/vc_column][\/vc_row][vc_row full_width=\u00bbstretch_row_content\u00bb css=\u00bb.vc_custom_1725900011591{padding-top: 80px !important;padding-bottom: 20px !important;}\u00bb][vc_column width=\u00bb1\/6&#8243;][\/vc_column][vc_column width=\u00bb2\/3&#8243;][vc_column_text css=\u00bb.vc_custom_1724960958310{margin-bottom: 0px !important;}\u00bb]<\/p>\n<h1 class=\"roboto\" style=\"text-align: center;\">MARTA MINUJ\u00cdN<\/h1>\n<p>[\/vc_column_text][vc_column_text css=\u00bb.vc_custom_1725900022335{margin-top: 10px !important;margin-bottom: 0px !important;}\u00bb]<\/p>\n<p class=\"destacado\" style=\"text-align: center;\">DAVID FRAGMENT\u00c1NDOSE<br \/>\nYESO, HIERRO Y MADERA \/ 1984<\/p>\n<p>[\/vc_column_text][\/vc_column][vc_column width=\u00bb1\/6&#8243;][\/vc_column][\/vc_row][vc_row full_width=\u00bbstretch_row_content\u00bb css=\u00bb.vc_custom_1725900030405{padding-top: 30px !important;padding-bottom: 40px !important;}\u00bb][vc_column width=\u00bb1\/6&#8243;][\/vc_column][vc_column width=\u00bb2\/3&#8243;][vc_column_text css=\u00bb.vc_custom_1725900042423{margin-top: 20px !important;}\u00bb]<\/p>\n<p class=\"destacado\" style=\"text-align: center;\">Marta Minuj\u00edn, en su obra \u00abDavid Fragment\u00e1ndose, desde Grecia hasta el Renacimiento y hasta hoy con amor\u00bb, ofrece una versi\u00f3n fragmentada del busto del David de Miguel \u00c1ngel, como parte de su serie \u00abLa ca\u00edda de los mitos universales\u00bb. Con yeso, hierro y madera, esta escultura de 190 x 120 x 190 cm est\u00e1 exhibida en el exterior de un edificio, acompa\u00f1ada de un texto que explora la conexi\u00f3n entre la fragmentaci\u00f3n del arte cl\u00e1sico y la discontinuidad cultural argentina.<\/p>\n<p>[\/vc_column_text][\/vc_column][vc_column width=\u00bb1\/6&#8243;][\/vc_column][\/vc_row][vc_row][vc_column][vc_empty_space height=\u00bb50px\u00bb][\/vc_column][\/vc_row]<\/p>\n<\/div>","protected":false},"excerpt":{"rendered":"<p>[vc_row full_width=\u00bbstretch_row_content\u00bb awb_type=\u00bbimage\u00bb awb_image_background_position=\u00bb50% 50%\u00bb css=\u00bb.vc_custom_1729535979068{padding-top: 60px !important;padding-bottom: 60px !important;}\u00bb awb_image=\u00bb336&#8243; el_id=\u00bbenDesktop\u00bb][vc_column][vc_empty_space height=\u00bb420&#8243;][\/vc_column][\/vc_row][vc_row full_width=\u00bbstretch_row_content_no_spaces\u00bb awb_type=\u00bbimage\u00bb el_id=\u00bbenMobile\u00bb][vc_column][vc_column_text css=\u00bb\u00bb][\/vc_column_text][\/vc_column][\/vc_row][vc_row full_width=\u00bbstretch_row_content\u00bb css=\u00bb.vc_custom_1725900011591{padding-top: 80px !important;padding-bottom: 20px !important;}\u00bb][vc_column width=\u00bb1\/6&#8243;][\/vc_column][vc_column width=\u00bb2\/3&#8243;][vc_column_text css=\u00bb.vc_custom_1724960958310{margin-bottom: 0px !important;}\u00bb] MARTA MINUJ\u00cdN [\/vc_column_text][vc_column_text css=\u00bb.vc_custom_1725900022335{margin-top: 10px !important;margin-bottom: 0px !important;}\u00bb] DAVID FRAGMENT\u00c1NDOSE YESO, HIERRO Y MADERA \/ 1984 [\/vc_column_text][\/vc_column][vc_column width=\u00bb1\/6&#8243;][\/vc_column][\/vc_row][vc_row full_width=\u00bbstretch_row_content\u00bb css=\u00bb.vc_custom_1725900030405{padding-top: 30px !important;padding-bottom: 40px !important;}\u00bb][vc_column width=\u00bb1\/6&#8243;][\/vc_column][vc_column width=\u00bb2\/3&#8243;][vc_column_text css=\u00bb.vc_custom_1725900042423{margin-top: [&hellip;]<\/p>\n","protected":false},"author":2,"featured_media":0,"parent":0,"menu_order":0,"comment_status":"closed","ping_status":"closed","template":"page-full-width.php","meta":{"footnotes":""},"class_list":["post-335","page","type-page","status-publish","hentry"],"_links":{"self":[{"href":"https:\/\/puertomadero.com\/nuevo-sitio\/wp-json\/wp\/v2\/pages\/335","targetHints":{"allow":["GET"]}}],"collection":[{"href":"https:\/\/puertomadero.com\/nuevo-sitio\/wp-json\/wp\/v2\/pages"}],"about":[{"href":"https:\/\/puertomadero.com\/nuevo-sitio\/wp-json\/wp\/v2\/types\/page"}],"author":[{"embeddable":true,"href":"https:\/\/puertomadero.com\/nuevo-sitio\/wp-json\/wp\/v2\/users\/2"}],"replies":[{"embeddable":true,"href":"https:\/\/puertomadero.com\/nuevo-sitio\/wp-json\/wp\/v2\/comments?post=335"}],"version-history":[{"count":3,"href":"https:\/\/puertomadero.com\/nuevo-sitio\/wp-json\/wp\/v2\/pages\/335\/revisions"}],"predecessor-version":[{"id":804,"href":"https:\/\/puertomadero.com\/nuevo-sitio\/wp-json\/wp\/v2\/pages\/335\/revisions\/804"}],"wp:attachment":[{"href":"https:\/\/puertomadero.com\/nuevo-sitio\/wp-json\/wp\/v2\/media?parent=335"}],"curies":[{"name":"wp","href":"https:\/\/api.w.org\/{rel}","templated":true}]}}