{"id":365,"date":"2024-08-29T20:36:35","date_gmt":"2024-08-29T20:36:35","guid":{"rendered":"https:\/\/puertomadero.com\/nuevo-sitio\/?page_id=365"},"modified":"2024-10-21T18:29:38","modified_gmt":"2024-10-21T18:29:38","slug":"fernando-pugliese","status":"publish","type":"page","link":"https:\/\/puertomadero.com\/nuevo-sitio\/fernando-pugliese\/","title":{"rendered":"FERNANDO PUGLIESE"},"content":{"rendered":"<div class=\"wpb-content-wrapper\"><p>[vc_row full_width=\u00bbstretch_row_content\u00bb awb_type=\u00bbimage\u00bb awb_image_background_position=\u00bb50% 50%\u00bb css=\u00bb.vc_custom_1729535336922{padding-top: 60px !important;padding-bottom: 60px !important;}\u00bb awb_image=\u00bb366&#8243; el_id=\u00bbenDesktop\u00bb][vc_column][vc_empty_space height=\u00bb420&#8243;][\/vc_column][\/vc_row][vc_row full_width=\u00bbstretch_row_content_no_spaces\u00bb awb_type=\u00bbimage\u00bb el_id=\u00bbenMobile\u00bb][vc_column][vc_column_text css=\u00bb\u00bb]<img decoding=\"async\" class=\"alignnone size-full wp-image-779\" src=\"https:\/\/puertomadero.com\/nuevo-sitio\/wp-content\/uploads\/2024\/10\/PM_FernadoPuglieseMOB.jpg\" alt=\"\" width=\"100%\" \/>[\/vc_column_text][\/vc_column][\/vc_row][vc_row full_width=\u00bbstretch_row_content\u00bb css=\u00bb.vc_custom_1725901827911{padding-top: 80px !important;padding-bottom: 20px !important;}\u00bb][vc_column width=\u00bb1\/6&#8243;][\/vc_column][vc_column width=\u00bb2\/3&#8243;][vc_column_text css=\u00bb.vc_custom_1724963302461{margin-bottom: 0px !important;}\u00bb]<\/p>\n<h1 class=\"roboto\" style=\"text-align: center;\">FERNANDO PUGLIESE<\/h1>\n<p>[\/vc_column_text][vc_column_text css=\u00bb.vc_custom_1725901835277{margin-top: 10px !important;margin-bottom: 0px !important;}\u00bb]<\/p>\n<p class=\"destacado\" style=\"text-align: center;\">MONUMENTO AL TAXISTA<br \/>\nPOL\u00cdMEROS SINT\u00c9TICOS QUE IMITAN BRONCE \/ 2012<\/p>\n<p>[\/vc_column_text][\/vc_column][vc_column width=\u00bb1\/6&#8243;][\/vc_column][\/vc_row][vc_row full_width=\u00bbstretch_row_content\u00bb css=\u00bb.vc_custom_1724188803210{padding-top: 30px !important;padding-bottom: 40px !important;}\u00bb][vc_column width=\u00bb1\/6&#8243;][\/vc_column][vc_column width=\u00bb2\/3&#8243;][vc_column_text css=\u00bb.vc_custom_1725901842115{margin-top: 20px !important;}\u00bb]<\/p>\n<p class=\"destacado\" style=\"text-align: center;\">Creado por Fernando Pugliese e inaugurado el 16 de noviembre de 2012 en Avenida de los Italianos y Macacha G\u00fcemes, rinde homenaje a los choferes de taxi de Buenos Aires. La obra, de tama\u00f1o natural, representa a un taxista apoyado en un Siam Di Tella 1500, emblem\u00e1tico en los a\u00f1os 60. Fabricado en pol\u00edmeros sint\u00e9ticos que imitan el bronce, el monumento fue encargado y donado por el Sindicato de Peones de Taxis. Esta pieza no solo destaca la importancia de los taxistas en el paisaje urbano porte\u00f1o, sino tambi\u00e9n evoca el recuerdo cultural del famoso veh\u00edculo y su impacto en la historia del transporte en la ciudad.<\/p>\n<p>[\/vc_column_text][\/vc_column][vc_column width=\u00bb1\/6&#8243;][\/vc_column][\/vc_row][vc_row][vc_column][vc_empty_space height=\u00bb50px\u00bb][\/vc_column][\/vc_row]<\/p>\n<\/div>","protected":false},"excerpt":{"rendered":"<p>[vc_row full_width=\u00bbstretch_row_content\u00bb awb_type=\u00bbimage\u00bb awb_image_background_position=\u00bb50% 50%\u00bb css=\u00bb.vc_custom_1729535336922{padding-top: 60px !important;padding-bottom: 60px !important;}\u00bb awb_image=\u00bb366&#8243; el_id=\u00bbenDesktop\u00bb][vc_column][vc_empty_space height=\u00bb420&#8243;][\/vc_column][\/vc_row][vc_row full_width=\u00bbstretch_row_content_no_spaces\u00bb awb_type=\u00bbimage\u00bb el_id=\u00bbenMobile\u00bb][vc_column][vc_column_text css=\u00bb\u00bb][\/vc_column_text][\/vc_column][\/vc_row][vc_row full_width=\u00bbstretch_row_content\u00bb css=\u00bb.vc_custom_1725901827911{padding-top: 80px !important;padding-bottom: 20px !important;}\u00bb][vc_column width=\u00bb1\/6&#8243;][\/vc_column][vc_column width=\u00bb2\/3&#8243;][vc_column_text css=\u00bb.vc_custom_1724963302461{margin-bottom: 0px !important;}\u00bb] FERNANDO PUGLIESE [\/vc_column_text][vc_column_text css=\u00bb.vc_custom_1725901835277{margin-top: 10px !important;margin-bottom: 0px !important;}\u00bb] MONUMENTO AL TAXISTA POL\u00cdMEROS SINT\u00c9TICOS QUE IMITAN BRONCE \/ 2012 [\/vc_column_text][\/vc_column][vc_column width=\u00bb1\/6&#8243;][\/vc_column][\/vc_row][vc_row full_width=\u00bbstretch_row_content\u00bb css=\u00bb.vc_custom_1724188803210{padding-top: 30px !important;padding-bottom: 40px !important;}\u00bb][vc_column width=\u00bb1\/6&#8243;][\/vc_column][vc_column [&hellip;]<\/p>\n","protected":false},"author":2,"featured_media":0,"parent":0,"menu_order":0,"comment_status":"closed","ping_status":"closed","template":"page-full-width.php","meta":{"footnotes":""},"class_list":["post-365","page","type-page","status-publish","hentry"],"_links":{"self":[{"href":"https:\/\/puertomadero.com\/nuevo-sitio\/wp-json\/wp\/v2\/pages\/365","targetHints":{"allow":["GET"]}}],"collection":[{"href":"https:\/\/puertomadero.com\/nuevo-sitio\/wp-json\/wp\/v2\/pages"}],"about":[{"href":"https:\/\/puertomadero.com\/nuevo-sitio\/wp-json\/wp\/v2\/types\/page"}],"author":[{"embeddable":true,"href":"https:\/\/puertomadero.com\/nuevo-sitio\/wp-json\/wp\/v2\/users\/2"}],"replies":[{"embeddable":true,"href":"https:\/\/puertomadero.com\/nuevo-sitio\/wp-json\/wp\/v2\/comments?post=365"}],"version-history":[{"count":3,"href":"https:\/\/puertomadero.com\/nuevo-sitio\/wp-json\/wp\/v2\/pages\/365\/revisions"}],"predecessor-version":[{"id":784,"href":"https:\/\/puertomadero.com\/nuevo-sitio\/wp-json\/wp\/v2\/pages\/365\/revisions\/784"}],"wp:attachment":[{"href":"https:\/\/puertomadero.com\/nuevo-sitio\/wp-json\/wp\/v2\/media?parent=365"}],"curies":[{"name":"wp","href":"https:\/\/api.w.org\/{rel}","templated":true}]}}