{"id":368,"date":"2024-08-29T20:38:19","date_gmt":"2024-08-29T20:38:19","guid":{"rendered":"https:\/\/puertomadero.com\/nuevo-sitio\/?page_id=368"},"modified":"2024-10-21T18:28:40","modified_gmt":"2024-10-21T18:28:40","slug":"pablo-siquier","status":"publish","type":"page","link":"https:\/\/puertomadero.com\/nuevo-sitio\/pablo-siquier\/","title":{"rendered":"PABLO SIQUIER"},"content":{"rendered":"<div class=\"wpb-content-wrapper\"><p>[vc_row full_width=\u00bbstretch_row_content\u00bb awb_type=\u00bbimage\u00bb awb_image_background_position=\u00bb50% 50%\u00bb css=\u00bb.vc_custom_1729535246137{padding-top: 60px !important;padding-bottom: 60px !important;}\u00bb awb_image=\u00bb369&#8243; el_id=\u00bbenDesktop\u00bb][vc_column][vc_empty_space height=\u00bb420&#8243;][\/vc_column][\/vc_row][vc_row full_width=\u00bbstretch_row_content_no_spaces\u00bb awb_type=\u00bbimage\u00bb el_id=\u00bbenMobile\u00bb][vc_column][vc_column_text css=\u00bb\u00bb]<img decoding=\"async\" class=\"alignnone size-full wp-image-779\" src=\"https:\/\/puertomadero.com\/nuevo-sitio\/wp-content\/uploads\/2024\/10\/PM_PabloSiquierMOB.jpg\" alt=\"\" width=\"100%\" \/>[\/vc_column_text][\/vc_column][\/vc_row][vc_row full_width=\u00bbstretch_row_content\u00bb css=\u00bb.vc_custom_1725901899180{padding-top: 80px !important;padding-bottom: 20px !important;}\u00bb][vc_column width=\u00bb1\/6&#8243;][\/vc_column][vc_column width=\u00bb2\/3&#8243;][vc_column_text css=\u00bb.vc_custom_1724963404581{margin-bottom: 0px !important;}\u00bb]<\/p>\n<h1 class=\"roboto\" style=\"text-align: center;\">PABLO SIQUIER<\/h1>\n<p>[\/vc_column_text][vc_column_text css=\u00bb.vc_custom_1725901906543{margin-top: 10px !important;margin-bottom: 0px !important;}\u00bb]<\/p>\n<p class=\"destacado\" style=\"text-align: center;\">MURALES DE LOS MOLINOS<br \/>\nPINTURA MURAL DE 338M\u00b2 \/ 2008<\/p>\n<p>[\/vc_column_text][\/vc_column][vc_column width=\u00bb1\/6&#8243;][\/vc_column][\/vc_row][vc_row full_width=\u00bbstretch_row_content\u00bb css=\u00bb.vc_custom_1724188803210{padding-top: 30px !important;padding-bottom: 40px !important;}\u00bb][vc_column width=\u00bb1\/6&#8243;][\/vc_column][vc_column width=\u00bb2\/3&#8243;][vc_column_text css=\u00bb.vc_custom_1725901915246{margin-top: 20px !important;}\u00bb]<\/p>\n<p class=\"destacado\" style=\"text-align: center;\">Los murales de Pablo Siquier, instalados en la fachada del edificio Los Molinos desde 2008, transforman el espacio urbano con su geometr\u00eda abstracta. Con una superficie total de 338 metros cuadrados, estas obras juegan con la luz y la sombra en una paleta de grises y negros, creando un dinamismo visual a trav\u00e9s de la superposici\u00f3n de formas y l\u00edneas. Aunque carecen de un significado literal espec\u00edfico, invitan a los espectadores a interpretar su relaci\u00f3n con el caos y el equilibrio del mundo moderno. Adem\u00e1s de su valor est\u00e9tico, estos murales representan una significativa apuesta por el arte urbano como herramienta de transformaci\u00f3n del espacio p\u00fablico, otorgando al edificio una nueva identidad cultural.<\/p>\n<p>[\/vc_column_text][\/vc_column][vc_column width=\u00bb1\/6&#8243;][\/vc_column][\/vc_row][vc_row][vc_column][vc_empty_space height=\u00bb50px\u00bb][\/vc_column][\/vc_row]<\/p>\n<\/div>","protected":false},"excerpt":{"rendered":"<p>[vc_row full_width=\u00bbstretch_row_content\u00bb awb_type=\u00bbimage\u00bb awb_image_background_position=\u00bb50% 50%\u00bb css=\u00bb.vc_custom_1729535246137{padding-top: 60px !important;padding-bottom: 60px !important;}\u00bb awb_image=\u00bb369&#8243; el_id=\u00bbenDesktop\u00bb][vc_column][vc_empty_space height=\u00bb420&#8243;][\/vc_column][\/vc_row][vc_row full_width=\u00bbstretch_row_content_no_spaces\u00bb awb_type=\u00bbimage\u00bb el_id=\u00bbenMobile\u00bb][vc_column][vc_column_text css=\u00bb\u00bb][\/vc_column_text][\/vc_column][\/vc_row][vc_row full_width=\u00bbstretch_row_content\u00bb css=\u00bb.vc_custom_1725901899180{padding-top: 80px !important;padding-bottom: 20px !important;}\u00bb][vc_column width=\u00bb1\/6&#8243;][\/vc_column][vc_column width=\u00bb2\/3&#8243;][vc_column_text css=\u00bb.vc_custom_1724963404581{margin-bottom: 0px !important;}\u00bb] PABLO SIQUIER [\/vc_column_text][vc_column_text css=\u00bb.vc_custom_1725901906543{margin-top: 10px !important;margin-bottom: 0px !important;}\u00bb] MURALES DE LOS MOLINOS PINTURA MURAL DE 338M\u00b2 \/ 2008 [\/vc_column_text][\/vc_column][vc_column width=\u00bb1\/6&#8243;][\/vc_column][\/vc_row][vc_row full_width=\u00bbstretch_row_content\u00bb css=\u00bb.vc_custom_1724188803210{padding-top: 30px !important;padding-bottom: 40px !important;}\u00bb][vc_column width=\u00bb1\/6&#8243;][\/vc_column][vc_column [&hellip;]<\/p>\n","protected":false},"author":2,"featured_media":0,"parent":0,"menu_order":0,"comment_status":"closed","ping_status":"closed","template":"page-full-width.php","meta":{"footnotes":""},"class_list":["post-368","page","type-page","status-publish","hentry"],"_links":{"self":[{"href":"https:\/\/puertomadero.com\/nuevo-sitio\/wp-json\/wp\/v2\/pages\/368","targetHints":{"allow":["GET"]}}],"collection":[{"href":"https:\/\/puertomadero.com\/nuevo-sitio\/wp-json\/wp\/v2\/pages"}],"about":[{"href":"https:\/\/puertomadero.com\/nuevo-sitio\/wp-json\/wp\/v2\/types\/page"}],"author":[{"embeddable":true,"href":"https:\/\/puertomadero.com\/nuevo-sitio\/wp-json\/wp\/v2\/users\/2"}],"replies":[{"embeddable":true,"href":"https:\/\/puertomadero.com\/nuevo-sitio\/wp-json\/wp\/v2\/comments?post=368"}],"version-history":[{"count":3,"href":"https:\/\/puertomadero.com\/nuevo-sitio\/wp-json\/wp\/v2\/pages\/368\/revisions"}],"predecessor-version":[{"id":782,"href":"https:\/\/puertomadero.com\/nuevo-sitio\/wp-json\/wp\/v2\/pages\/368\/revisions\/782"}],"wp:attachment":[{"href":"https:\/\/puertomadero.com\/nuevo-sitio\/wp-json\/wp\/v2\/media?parent=368"}],"curies":[{"name":"wp","href":"https:\/\/api.w.org\/{rel}","templated":true}]}}