{"id":545,"date":"2024-09-08T19:46:45","date_gmt":"2024-09-08T19:46:45","guid":{"rendered":"https:\/\/puertomadero.com\/nuevo-sitio\/?page_id=545"},"modified":"2024-10-31T18:33:18","modified_gmt":"2024-10-31T18:33:18","slug":"zencity","status":"publish","type":"page","link":"https:\/\/puertomadero.com\/nuevo-sitio\/zencity\/","title":{"rendered":"ZENCITY"},"content":{"rendered":"<div class=\"wpb-content-wrapper\"><p>[vc_row full_width=\u00bbstretch_row_content\u00bb awb_type=\u00bbimage\u00bb awb_image_background_position=\u00bb50% 50%\u00bb css=\u00bb.vc_custom_1730399093623{padding-top: 60px !important;padding-bottom: 60px !important;}\u00bb awb_image=\u00bb854&#8243; el_id=\u00bbenDesktop\u00bb][vc_column][vc_empty_space height=\u00bb420&#8243;][\/vc_column][\/vc_row][vc_row full_width=\u00bbstretch_row_content_no_spaces\u00bb awb_type=\u00bbimage\u00bb el_id=\u00bbenMobile\u00bb][vc_column][vc_column_text css=\u00bb\u00bb]<img decoding=\"async\" class=\"alignnone size-full wp-image-779\" src=\"https:\/\/puertomadero.com\/nuevo-sitio\/wp-content\/uploads\/2024\/10\/MOBILE-zencity.jpg\" alt=\"\" width=\"100%\" \/><\/p>\n<p>[\/vc_column_text][\/vc_column][\/vc_row][vc_row full_width=\u00bbstretch_row_content\u00bb css=\u00bb.vc_custom_1725558985348{padding-top: 80px !important;padding-bottom: 20px !important;}\u00bb][vc_column width=\u00bb1\/6&#8243;][\/vc_column][vc_column width=\u00bb2\/3&#8243;][vc_column_text css=\u00bb.vc_custom_1725824272327{margin-bottom: 0px !important;}\u00bb]<\/p>\n<h1 class=\"roboto\" style=\"text-align: center;\">ZENCITY<\/h1>\n<p>[\/vc_column_text][vc_column_text css=\u00bb.vc_custom_1730399565078{margin-top: 10px !important;margin-bottom: 10px !important;}\u00bb]<\/p>\n<p class=\"destacado\" style=\"text-align: center;\">ALBERTO FERNANDEZ PRIETO \/ RODRIGO FERNANDEZ PRIETO<br \/>\n2008 &#8211; 2013<\/p>\n<p>[\/vc_column_text][\/vc_column][vc_column width=\u00bb1\/6&#8243;][\/vc_column][\/vc_row][vc_row full_width=\u00bbstretch_row_content\u00bb css=\u00bb.vc_custom_1724188803210{padding-top: 30px !important;padding-bottom: 40px !important;}\u00bb][vc_column width=\u00bb1\/6&#8243;][\/vc_column][vc_column width=\u00bb2\/3&#8243;][vc_column_text css=\u00bb.vc_custom_1730399182386{margin-top: 20px !important;margin-bottom: 10px !important;}\u00bb]<\/p>\n<p class=\"destacado\" style=\"text-align: center;\">Zencity es un complejo de usos mixtos ubicado frente al Parque Eva Per\u00f3n, en el Dique 1, compuesto por cinco edificios: cuatro residenciales y uno de oficinas. El dise\u00f1o crea un jard\u00edn central de 8,500 m\u00b2 con piscinas y cascadas, inspirado en los grandes resorts de Las Vegas.<\/p>\n<p>[\/vc_column_text][\/vc_column][vc_column width=\u00bb1\/6&#8243;][\/vc_column][\/vc_row][vc_row][vc_column][vc_empty_space height=\u00bb50px\u00bb][\/vc_column][\/vc_row]<\/p>\n<\/div>","protected":false},"excerpt":{"rendered":"<p>[vc_row full_width=\u00bbstretch_row_content\u00bb awb_type=\u00bbimage\u00bb awb_image_background_position=\u00bb50% 50%\u00bb css=\u00bb.vc_custom_1730399093623{padding-top: 60px !important;padding-bottom: 60px !important;}\u00bb awb_image=\u00bb854&#8243; el_id=\u00bbenDesktop\u00bb][vc_column][vc_empty_space height=\u00bb420&#8243;][\/vc_column][\/vc_row][vc_row full_width=\u00bbstretch_row_content_no_spaces\u00bb awb_type=\u00bbimage\u00bb el_id=\u00bbenMobile\u00bb][vc_column][vc_column_text css=\u00bb\u00bb] [\/vc_column_text][\/vc_column][\/vc_row][vc_row full_width=\u00bbstretch_row_content\u00bb css=\u00bb.vc_custom_1725558985348{padding-top: 80px !important;padding-bottom: 20px !important;}\u00bb][vc_column width=\u00bb1\/6&#8243;][\/vc_column][vc_column width=\u00bb2\/3&#8243;][vc_column_text css=\u00bb.vc_custom_1725824272327{margin-bottom: 0px !important;}\u00bb] ZENCITY [\/vc_column_text][vc_column_text css=\u00bb.vc_custom_1730399565078{margin-top: 10px !important;margin-bottom: 10px !important;}\u00bb] ALBERTO FERNANDEZ PRIETO \/ RODRIGO FERNANDEZ PRIETO 2008 &#8211; 2013 [\/vc_column_text][\/vc_column][vc_column width=\u00bb1\/6&#8243;][\/vc_column][\/vc_row][vc_row full_width=\u00bbstretch_row_content\u00bb css=\u00bb.vc_custom_1724188803210{padding-top: 30px !important;padding-bottom: 40px !important;}\u00bb][vc_column width=\u00bb1\/6&#8243;][\/vc_column][vc_column [&hellip;]<\/p>\n","protected":false},"author":2,"featured_media":0,"parent":0,"menu_order":0,"comment_status":"closed","ping_status":"closed","template":"page-full-width.php","meta":{"footnotes":""},"class_list":["post-545","page","type-page","status-publish","hentry"],"_links":{"self":[{"href":"https:\/\/puertomadero.com\/nuevo-sitio\/wp-json\/wp\/v2\/pages\/545","targetHints":{"allow":["GET"]}}],"collection":[{"href":"https:\/\/puertomadero.com\/nuevo-sitio\/wp-json\/wp\/v2\/pages"}],"about":[{"href":"https:\/\/puertomadero.com\/nuevo-sitio\/wp-json\/wp\/v2\/types\/page"}],"author":[{"embeddable":true,"href":"https:\/\/puertomadero.com\/nuevo-sitio\/wp-json\/wp\/v2\/users\/2"}],"replies":[{"embeddable":true,"href":"https:\/\/puertomadero.com\/nuevo-sitio\/wp-json\/wp\/v2\/comments?post=545"}],"version-history":[{"count":5,"href":"https:\/\/puertomadero.com\/nuevo-sitio\/wp-json\/wp\/v2\/pages\/545\/revisions"}],"predecessor-version":[{"id":915,"href":"https:\/\/puertomadero.com\/nuevo-sitio\/wp-json\/wp\/v2\/pages\/545\/revisions\/915"}],"wp:attachment":[{"href":"https:\/\/puertomadero.com\/nuevo-sitio\/wp-json\/wp\/v2\/media?parent=545"}],"curies":[{"name":"wp","href":"https:\/\/api.w.org\/{rel}","templated":true}]}}