{"id":573,"date":"2024-09-08T20:03:24","date_gmt":"2024-09-08T20:03:24","guid":{"rendered":"https:\/\/puertomadero.com\/nuevo-sitio\/?page_id=573"},"modified":"2024-10-31T17:08:25","modified_gmt":"2024-10-31T17:08:25","slug":"edificio-telecom","status":"publish","type":"page","link":"https:\/\/puertomadero.com\/nuevo-sitio\/edificio-telecom\/","title":{"rendered":"EDIFICIO TELECOM"},"content":{"rendered":"<div class=\"wpb-content-wrapper\"><p>[vc_row full_width=\u00bbstretch_row_content\u00bb awb_type=\u00bbimage\u00bb awb_image_background_position=\u00bb50% 50%\u00bb css=\u00bb.vc_custom_1730394297120{padding-top: 60px !important;padding-bottom: 60px !important;}\u00bb awb_image=\u00bb850&#8243; el_id=\u00bbenDesktop\u00bb][vc_column][vc_empty_space height=\u00bb420&#8243;][\/vc_column][\/vc_row][vc_row full_width=\u00bbstretch_row_content_no_spaces\u00bb awb_type=\u00bbimage\u00bb el_id=\u00bbenMobile\u00bb][vc_column][vc_column_text css=\u00bb\u00bb]<img decoding=\"async\" class=\"alignnone size-full wp-image-779\" src=\"https:\/\/puertomadero.com\/nuevo-sitio\/wp-content\/uploads\/2024\/10\/MOBILE-telecom.jpg\" alt=\"\" width=\"100%\" \/><br \/>\n[\/vc_column_text][\/vc_column][\/vc_row][vc_row full_width=\u00bbstretch_row_content\u00bb css=\u00bb.vc_custom_1725558985348{padding-top: 80px !important;padding-bottom: 20px !important;}\u00bb][vc_column width=\u00bb1\/6&#8243;][\/vc_column][vc_column width=\u00bb2\/3&#8243;][vc_column_text css=\u00bb.vc_custom_1725825292296{margin-bottom: 0px !important;}\u00bb]<\/p>\n<h1 class=\"roboto\" style=\"text-align: center;\">EDIFICIO TELECOM<\/h1>\n<p>[\/vc_column_text][vc_column_text css=\u00bb.vc_custom_1725825314683{margin-top: 10px !important;margin-bottom: 10px !important;}\u00bb]<\/p>\n<p class=\"destacado\" style=\"text-align: center;\">EUGENE KOHN \/ WILLIAM PEDERSEN \/ SHELDON FOX<br \/>\n1995 &#8211; 1998<\/p>\n<p>[\/vc_column_text][\/vc_column][vc_column width=\u00bb1\/6&#8243;][\/vc_column][\/vc_row][vc_row full_width=\u00bbstretch_row_content\u00bb css=\u00bb.vc_custom_1724188803210{padding-top: 30px !important;padding-bottom: 40px !important;}\u00bb][vc_column width=\u00bb1\/6&#8243;][\/vc_column][vc_column width=\u00bb2\/3&#8243;][vc_column_text css=\u00bb.vc_custom_1725825333276{margin-top: 20px !important;margin-bottom: 10px !important;}\u00bb]<\/p>\n<p class=\"destacado\" style=\"text-align: center;\">Fue el primer edificio de altura del barrio, caracterizado por su estructura de acero innovadora en su \u00e9poca. Con 70 metros de altura y 15 plantas, abarca m\u00e1s de 30,000 m\u00b2. Compuesto por dos vol\u00famenes encastrados, el cuerpo norte, m\u00e1s alto y curvado, se ubica cerca de la D\u00e1rsena Norte, mientras que el prisma rectangular del volumen sur enfrenta al Dique 4. Las fachadas de vidrio presentan tramas verticales en el volumen norte y horizontales en el sur. Un n\u00facleo central de hormig\u00f3n en la intersecci\u00f3n alberga los servicios y circulaciones, y el acceso se realiza a trav\u00e9s de una plaza de dos niveles.<\/p>\n<p>[\/vc_column_text][\/vc_column][vc_column width=\u00bb1\/6&#8243;][\/vc_column][\/vc_row][vc_row][vc_column][vc_empty_space height=\u00bb50px\u00bb][\/vc_column][\/vc_row]<\/p>\n<\/div>","protected":false},"excerpt":{"rendered":"<p>[vc_row full_width=\u00bbstretch_row_content\u00bb awb_type=\u00bbimage\u00bb awb_image_background_position=\u00bb50% 50%\u00bb css=\u00bb.vc_custom_1730394297120{padding-top: 60px !important;padding-bottom: 60px !important;}\u00bb awb_image=\u00bb850&#8243; el_id=\u00bbenDesktop\u00bb][vc_column][vc_empty_space height=\u00bb420&#8243;][\/vc_column][\/vc_row][vc_row full_width=\u00bbstretch_row_content_no_spaces\u00bb awb_type=\u00bbimage\u00bb el_id=\u00bbenMobile\u00bb][vc_column][vc_column_text css=\u00bb\u00bb] [\/vc_column_text][\/vc_column][\/vc_row][vc_row full_width=\u00bbstretch_row_content\u00bb css=\u00bb.vc_custom_1725558985348{padding-top: 80px !important;padding-bottom: 20px !important;}\u00bb][vc_column width=\u00bb1\/6&#8243;][\/vc_column][vc_column width=\u00bb2\/3&#8243;][vc_column_text css=\u00bb.vc_custom_1725825292296{margin-bottom: 0px !important;}\u00bb] EDIFICIO TELECOM [\/vc_column_text][vc_column_text css=\u00bb.vc_custom_1725825314683{margin-top: 10px !important;margin-bottom: 10px !important;}\u00bb] EUGENE KOHN \/ WILLIAM PEDERSEN \/ SHELDON FOX 1995 &#8211; 1998 [\/vc_column_text][\/vc_column][vc_column width=\u00bb1\/6&#8243;][\/vc_column][\/vc_row][vc_row full_width=\u00bbstretch_row_content\u00bb css=\u00bb.vc_custom_1724188803210{padding-top: 30px !important;padding-bottom: 40px [&hellip;]<\/p>\n","protected":false},"author":2,"featured_media":0,"parent":0,"menu_order":0,"comment_status":"closed","ping_status":"closed","template":"page-full-width.php","meta":{"footnotes":""},"class_list":["post-573","page","type-page","status-publish","hentry"],"_links":{"self":[{"href":"https:\/\/puertomadero.com\/nuevo-sitio\/wp-json\/wp\/v2\/pages\/573","targetHints":{"allow":["GET"]}}],"collection":[{"href":"https:\/\/puertomadero.com\/nuevo-sitio\/wp-json\/wp\/v2\/pages"}],"about":[{"href":"https:\/\/puertomadero.com\/nuevo-sitio\/wp-json\/wp\/v2\/types\/page"}],"author":[{"embeddable":true,"href":"https:\/\/puertomadero.com\/nuevo-sitio\/wp-json\/wp\/v2\/users\/2"}],"replies":[{"embeddable":true,"href":"https:\/\/puertomadero.com\/nuevo-sitio\/wp-json\/wp\/v2\/comments?post=573"}],"version-history":[{"count":3,"href":"https:\/\/puertomadero.com\/nuevo-sitio\/wp-json\/wp\/v2\/pages\/573\/revisions"}],"predecessor-version":[{"id":881,"href":"https:\/\/puertomadero.com\/nuevo-sitio\/wp-json\/wp\/v2\/pages\/573\/revisions\/881"}],"wp:attachment":[{"href":"https:\/\/puertomadero.com\/nuevo-sitio\/wp-json\/wp\/v2\/media?parent=573"}],"curies":[{"name":"wp","href":"https:\/\/api.w.org\/{rel}","templated":true}]}}