{"id":577,"date":"2024-09-08T20:05:08","date_gmt":"2024-09-08T20:05:08","guid":{"rendered":"https:\/\/puertomadero.com\/nuevo-sitio\/?page_id=577"},"modified":"2024-11-11T20:56:04","modified_gmt":"2024-11-11T20:56:04","slug":"alvear-tower","status":"publish","type":"page","link":"https:\/\/puertomadero.com\/nuevo-sitio\/alvear-tower\/","title":{"rendered":"ALVEAR TOWER"},"content":{"rendered":"<div class=\"wpb-content-wrapper\"><p>[vc_row full_width=\u00bbstretch_row_content\u00bb awb_type=\u00bbimage\u00bb awb_image_background_position=\u00bb50% 50%\u00bb css=\u00bb.vc_custom_1730393708990{padding-top: 60px !important;padding-bottom: 60px !important;}\u00bb awb_image=\u00bb839&#8243; el_id=\u00bbenDesktop\u00bb][vc_column][vc_empty_space height=\u00bb420&#8243;][\/vc_column][\/vc_row][vc_row full_width=\u00bbstretch_row_content_no_spaces\u00bb awb_type=\u00bbimage\u00bb el_id=\u00bbenMobile\u00bb][vc_column][vc_column_text css=\u00bb\u00bb]<img decoding=\"async\" class=\"alignnone size-full wp-image-779\" src=\"https:\/\/puertomadero.com\/nuevo-sitio\/wp-content\/uploads\/2024\/10\/MOBILE-alvear-tower.jpg\" alt=\"\" width=\"100%\" \/><br \/>\n[\/vc_column_text][\/vc_column][\/vc_row][vc_row full_width=\u00bbstretch_row_content\u00bb css=\u00bb.vc_custom_1725558985348{padding-top: 80px !important;padding-bottom: 20px !important;}\u00bb][vc_column width=\u00bb1\/6&#8243;][\/vc_column][vc_column width=\u00bb2\/3&#8243;][vc_column_text css=\u00bb.vc_custom_1725825373165{margin-bottom: 0px !important;}\u00bb]<\/p>\n<h1 class=\"roboto\" style=\"text-align: center;\">ALVEAR TOWER<\/h1>\n<p>[\/vc_column_text][vc_column_text css=\u00bb.vc_custom_1731358524495{margin-top: 10px !important;margin-bottom: 10px !important;}\u00bb]<\/p>\n<p class=\"destacado\" style=\"text-align: center;\">JUAN PFEIFER \/ OSCAR ZURDO<br \/>\n2012 &#8211; 2018<\/p>\n<p>[\/vc_column_text][\/vc_column][vc_column width=\u00bb1\/6&#8243;][\/vc_column][\/vc_row][vc_row full_width=\u00bbstretch_row_content\u00bb css=\u00bb.vc_custom_1724188803210{padding-top: 30px !important;padding-bottom: 40px !important;}\u00bb][vc_column width=\u00bb1\/6&#8243;][\/vc_column][vc_column width=\u00bb2\/3&#8243;][vc_column_text css=\u00bb.vc_custom_1725825436416{margin-top: 20px !important;margin-bottom: 10px !important;}\u00bb]<\/p>\n<p class=\"destacado\" style=\"text-align: center;\">Alvear Tower es la torre m\u00e1s alta de Argentina, con 235 metros. Desarrollada por el Grupo Alvear, conocido por el Hotel Alvear Puerto Madero, esta edificaci\u00f3n residencial de 54 pisos se destaca por su volumetr\u00eda y lujo. El edificio alberga departamentos de hasta 500 m\u00b2, algunos con terrazas y piletas privadas. Las unidades se benefician de techos de 3,30 metros de altura y vistas despejadas desde el piso 40. La torre presenta un dise\u00f1o con vol\u00famenes curvos y escalonados, culminando en un remate diagonal. La fachada combina hormig\u00f3n con vanos y balcones, creando una piel homog\u00e9nea con trama horizontal. El dise\u00f1o evoca una proa hacia el R\u00edo de la Plata, con cilindros de diferentes alturas que se reducen hacia la cima.<\/p>\n<p>[\/vc_column_text][\/vc_column][vc_column width=\u00bb1\/6&#8243;][\/vc_column][\/vc_row][vc_row][vc_column][vc_empty_space height=\u00bb50px\u00bb][\/vc_column][\/vc_row]<\/p>\n<\/div>","protected":false},"excerpt":{"rendered":"<p>[vc_row full_width=\u00bbstretch_row_content\u00bb awb_type=\u00bbimage\u00bb awb_image_background_position=\u00bb50% 50%\u00bb css=\u00bb.vc_custom_1730393708990{padding-top: 60px !important;padding-bottom: 60px !important;}\u00bb awb_image=\u00bb839&#8243; el_id=\u00bbenDesktop\u00bb][vc_column][vc_empty_space height=\u00bb420&#8243;][\/vc_column][\/vc_row][vc_row full_width=\u00bbstretch_row_content_no_spaces\u00bb awb_type=\u00bbimage\u00bb el_id=\u00bbenMobile\u00bb][vc_column][vc_column_text css=\u00bb\u00bb] [\/vc_column_text][\/vc_column][\/vc_row][vc_row full_width=\u00bbstretch_row_content\u00bb css=\u00bb.vc_custom_1725558985348{padding-top: 80px !important;padding-bottom: 20px !important;}\u00bb][vc_column width=\u00bb1\/6&#8243;][\/vc_column][vc_column width=\u00bb2\/3&#8243;][vc_column_text css=\u00bb.vc_custom_1725825373165{margin-bottom: 0px !important;}\u00bb] ALVEAR TOWER [\/vc_column_text][vc_column_text css=\u00bb.vc_custom_1731358524495{margin-top: 10px !important;margin-bottom: 10px !important;}\u00bb] JUAN PFEIFER \/ OSCAR ZURDO 2012 &#8211; 2018 [\/vc_column_text][\/vc_column][vc_column width=\u00bb1\/6&#8243;][\/vc_column][\/vc_row][vc_row full_width=\u00bbstretch_row_content\u00bb css=\u00bb.vc_custom_1724188803210{padding-top: 30px !important;padding-bottom: 40px !important;}\u00bb][vc_column width=\u00bb1\/6&#8243;][\/vc_column][vc_column width=\u00bb2\/3&#8243;][vc_column_text [&hellip;]<\/p>\n","protected":false},"author":2,"featured_media":0,"parent":0,"menu_order":0,"comment_status":"closed","ping_status":"closed","template":"page-full-width.php","meta":{"footnotes":""},"class_list":["post-577","page","type-page","status-publish","hentry"],"_links":{"self":[{"href":"https:\/\/puertomadero.com\/nuevo-sitio\/wp-json\/wp\/v2\/pages\/577","targetHints":{"allow":["GET"]}}],"collection":[{"href":"https:\/\/puertomadero.com\/nuevo-sitio\/wp-json\/wp\/v2\/pages"}],"about":[{"href":"https:\/\/puertomadero.com\/nuevo-sitio\/wp-json\/wp\/v2\/types\/page"}],"author":[{"embeddable":true,"href":"https:\/\/puertomadero.com\/nuevo-sitio\/wp-json\/wp\/v2\/users\/2"}],"replies":[{"embeddable":true,"href":"https:\/\/puertomadero.com\/nuevo-sitio\/wp-json\/wp\/v2\/comments?post=577"}],"version-history":[{"count":6,"href":"https:\/\/puertomadero.com\/nuevo-sitio\/wp-json\/wp\/v2\/pages\/577\/revisions"}],"predecessor-version":[{"id":976,"href":"https:\/\/puertomadero.com\/nuevo-sitio\/wp-json\/wp\/v2\/pages\/577\/revisions\/976"}],"wp:attachment":[{"href":"https:\/\/puertomadero.com\/nuevo-sitio\/wp-json\/wp\/v2\/media?parent=577"}],"curies":[{"name":"wp","href":"https:\/\/api.w.org\/{rel}","templated":true}]}}