{"id":580,"date":"2024-09-08T20:06:35","date_gmt":"2024-09-08T20:06:35","guid":{"rendered":"https:\/\/puertomadero.com\/nuevo-sitio\/?page_id=580"},"modified":"2024-11-11T20:43:52","modified_gmt":"2024-11-11T20:43:52","slug":"torres-mulieris","status":"publish","type":"page","link":"https:\/\/puertomadero.com\/nuevo-sitio\/torres-mulieris\/","title":{"rendered":"TORRES MULIERIS"},"content":{"rendered":"<div class=\"wpb-content-wrapper\"><p>[vc_row full_width=\u00bbstretch_row_content\u00bb awb_type=\u00bbimage\u00bb awb_image_background_position=\u00bb50% 50%\u00bb css=\u00bb.vc_custom_1731357748682{padding-top: 60px !important;padding-bottom: 60px !important;}\u00bb awb_image=\u00bb956&#8243; el_id=\u00bbenDesktop\u00bb][vc_column][vc_empty_space height=\u00bb420&#8243;][\/vc_column][\/vc_row][vc_row full_width=\u00bbstretch_row_content_no_spaces\u00bb awb_type=\u00bbimage\u00bb el_id=\u00bbenMobile\u00bb][vc_column][vc_column_text css=\u00bb\u00bb]<img decoding=\"async\" class=\"alignnone size-full wp-image-779\" src=\"https:\/\/puertomadero.com\/nuevo-sitio\/wp-content\/uploads\/2024\/11\/MOBILE-mullieris.jpg\" alt=\"\" width=\"100%\" \/><br \/>\n[\/vc_column_text][\/vc_column][\/vc_row][vc_row full_width=\u00bbstretch_row_content\u00bb css=\u00bb.vc_custom_1725558985348{padding-top: 80px !important;padding-bottom: 20px !important;}\u00bb][vc_column width=\u00bb1\/6&#8243;][\/vc_column][vc_column width=\u00bb2\/3&#8243;][vc_column_text css=\u00bb.vc_custom_1725825475996{margin-bottom: 0px !important;}\u00bb]<\/p>\n<h1 class=\"roboto\" style=\"text-align: center;\">TORRES MULIERIS<\/h1>\n<p>[\/vc_column_text][vc_column_text css=\u00bb.vc_custom_1725825505255{margin-top: 10px !important;margin-bottom: 10px !important;}\u00bb]<\/p>\n<p class=\"destacado\" style=\"text-align: center;\">FLORA MANTEOLA \/ JAVIER S\u00c1NCHEZ G\u00d3MEZ \/ JUSTO SOLSONA \/ CARLOS SALLABERRY<br \/>\n2006 &#8211; 2009<\/p>\n<p>[\/vc_column_text][\/vc_column][vc_column width=\u00bb1\/6&#8243;][\/vc_column][\/vc_row][vc_row full_width=\u00bbstretch_row_content\u00bb css=\u00bb.vc_custom_1724188803210{padding-top: 30px !important;padding-bottom: 40px !important;}\u00bb][vc_column width=\u00bb1\/6&#8243;][\/vc_column][vc_column width=\u00bb2\/3&#8243;][vc_column_text css=\u00bb.vc_custom_1725825525489{margin-top: 20px !important;margin-bottom: 10px !important;}\u00bb]<\/p>\n<p class=\"destacado\" style=\"text-align: center;\">Las Torres Mulieris se perfilan como \u00edcono arquitect\u00f3nico en Buenos Aires, destac\u00e1ndose por su altura, dise\u00f1o y uso innovador de materiales. Cada torre presenta una planta triangular con v\u00e9rtices curvos, optimizando vistas y reduciendo el impacto de las cargas estructurales y la presi\u00f3n del viento. En los pisos superiores, las torres se escalonan cada siete pisos, revelando un remate hexagonal que se diferencia por el uso intensivo de vidrio y aluminio anodizado. Las fachadas combinan hormig\u00f3n y vidrio, con tabiques de hormig\u00f3n interrumpidos por vanos y esquinas de vidrio curvado. El dise\u00f1o de las torres, con sus nervaduras verticales y el tratamiento volum\u00e9trico del remate, acent\u00faa su esbeltez y verticalidad.<\/p>\n<p>[\/vc_column_text][\/vc_column][vc_column width=\u00bb1\/6&#8243;][\/vc_column][\/vc_row][vc_row][vc_column][vc_empty_space height=\u00bb50px\u00bb][\/vc_column][\/vc_row]<\/p>\n<\/div>","protected":false},"excerpt":{"rendered":"<p>[vc_row full_width=\u00bbstretch_row_content\u00bb awb_type=\u00bbimage\u00bb awb_image_background_position=\u00bb50% 50%\u00bb css=\u00bb.vc_custom_1731357748682{padding-top: 60px !important;padding-bottom: 60px !important;}\u00bb awb_image=\u00bb956&#8243; el_id=\u00bbenDesktop\u00bb][vc_column][vc_empty_space height=\u00bb420&#8243;][\/vc_column][\/vc_row][vc_row full_width=\u00bbstretch_row_content_no_spaces\u00bb awb_type=\u00bbimage\u00bb el_id=\u00bbenMobile\u00bb][vc_column][vc_column_text css=\u00bb\u00bb] [\/vc_column_text][\/vc_column][\/vc_row][vc_row full_width=\u00bbstretch_row_content\u00bb css=\u00bb.vc_custom_1725558985348{padding-top: 80px !important;padding-bottom: 20px !important;}\u00bb][vc_column width=\u00bb1\/6&#8243;][\/vc_column][vc_column width=\u00bb2\/3&#8243;][vc_column_text css=\u00bb.vc_custom_1725825475996{margin-bottom: 0px !important;}\u00bb] TORRES MULIERIS [\/vc_column_text][vc_column_text css=\u00bb.vc_custom_1725825505255{margin-top: 10px !important;margin-bottom: 10px !important;}\u00bb] FLORA MANTEOLA \/ JAVIER S\u00c1NCHEZ G\u00d3MEZ \/ JUSTO SOLSONA \/ CARLOS SALLABERRY 2006 &#8211; 2009 [\/vc_column_text][\/vc_column][vc_column width=\u00bb1\/6&#8243;][\/vc_column][\/vc_row][vc_row full_width=\u00bbstretch_row_content\u00bb [&hellip;]<\/p>\n","protected":false},"author":2,"featured_media":0,"parent":0,"menu_order":0,"comment_status":"closed","ping_status":"closed","template":"page-full-width.php","meta":{"footnotes":""},"class_list":["post-580","page","type-page","status-publish","hentry"],"_links":{"self":[{"href":"https:\/\/puertomadero.com\/nuevo-sitio\/wp-json\/wp\/v2\/pages\/580","targetHints":{"allow":["GET"]}}],"collection":[{"href":"https:\/\/puertomadero.com\/nuevo-sitio\/wp-json\/wp\/v2\/pages"}],"about":[{"href":"https:\/\/puertomadero.com\/nuevo-sitio\/wp-json\/wp\/v2\/types\/page"}],"author":[{"embeddable":true,"href":"https:\/\/puertomadero.com\/nuevo-sitio\/wp-json\/wp\/v2\/users\/2"}],"replies":[{"embeddable":true,"href":"https:\/\/puertomadero.com\/nuevo-sitio\/wp-json\/wp\/v2\/comments?post=580"}],"version-history":[{"count":3,"href":"https:\/\/puertomadero.com\/nuevo-sitio\/wp-json\/wp\/v2\/pages\/580\/revisions"}],"predecessor-version":[{"id":971,"href":"https:\/\/puertomadero.com\/nuevo-sitio\/wp-json\/wp\/v2\/pages\/580\/revisions\/971"}],"wp:attachment":[{"href":"https:\/\/puertomadero.com\/nuevo-sitio\/wp-json\/wp\/v2\/media?parent=580"}],"curies":[{"name":"wp","href":"https:\/\/api.w.org\/{rel}","templated":true}]}}