{"id":586,"date":"2024-09-08T20:09:50","date_gmt":"2024-09-08T20:09:50","guid":{"rendered":"https:\/\/puertomadero.com\/nuevo-sitio\/?page_id=586"},"modified":"2024-10-31T17:30:40","modified_gmt":"2024-10-31T17:30:40","slug":"hotel-internacional-hilton-y-south-convention-center","status":"publish","type":"page","link":"https:\/\/puertomadero.com\/nuevo-sitio\/hotel-internacional-hilton-y-south-convention-center\/","title":{"rendered":"Hotel Internacional Hilton y South Convention Center"},"content":{"rendered":"<div class=\"wpb-content-wrapper\"><p>[vc_row full_width=\u00bbstretch_row_content\u00bb awb_type=\u00bbimage\u00bb awb_image_background_position=\u00bb50% 50%\u00bb css=\u00bb.vc_custom_1730395655110{padding-top: 60px !important;padding-bottom: 60px !important;}\u00bb awb_image=\u00bb844&#8243; el_id=\u00bbenDesktop\u00bb][vc_column][vc_empty_space height=\u00bb420&#8243;][\/vc_column][\/vc_row][vc_row full_width=\u00bbstretch_row_content_no_spaces\u00bb awb_type=\u00bbimage\u00bb el_id=\u00bbenMobile\u00bb][vc_column][vc_column_text css=\u00bb\u00bb]<img decoding=\"async\" class=\"alignnone size-full wp-image-779\" src=\"https:\/\/puertomadero.com\/nuevo-sitio\/wp-content\/uploads\/2024\/10\/MOBILE-hilton.jpg\" alt=\"\" width=\"100%\" \/><\/p>\n<p>[\/vc_column_text][\/vc_column][\/vc_row][vc_row full_width=\u00bbstretch_row_content\u00bb css=\u00bb.vc_custom_1725558985348{padding-top: 80px !important;padding-bottom: 20px !important;}\u00bb][vc_column width=\u00bb1\/6&#8243;][\/vc_column][vc_column width=\u00bb2\/3&#8243;][vc_column_text css=\u00bb.vc_custom_1725825657851{margin-bottom: 0px !important;}\u00bb]<\/p>\n<h1 class=\"roboto\" style=\"text-align: center;\">Hotel Internacional Hilton y South Convention Center<\/h1>\n<p>[\/vc_column_text][vc_column_text css=\u00bb.vc_custom_1725825697038{margin-top: 10px !important;margin-bottom: 10px !important;}\u00bb]<\/p>\n<p class=\"destacado\" style=\"text-align: center;\">MARIO ROBERTO \u00c1LVAREZ \/ LEONARDO KOPILOFF \/ MIGUEL RIVANERA \/ MARIANO BILIK<br \/>\n1998 &#8211; 2001<\/p>\n<p>[\/vc_column_text][\/vc_column][vc_column width=\u00bb1\/6&#8243;][\/vc_column][\/vc_row][vc_row full_width=\u00bbstretch_row_content\u00bb css=\u00bb.vc_custom_1724188803210{padding-top: 30px !important;padding-bottom: 40px !important;}\u00bb][vc_column width=\u00bb1\/6&#8243;][\/vc_column][vc_column width=\u00bb2\/3&#8243;][vc_column_text css=\u00bb.vc_custom_1725825719651{margin-top: 20px !important;margin-bottom: 10px !important;}\u00bb]<\/p>\n<p class=\"destacado\" style=\"text-align: center;\">El Hotel Hilton es el edificio m\u00e1s grande de un complejo que incluye el Buenos Aires Plaza y los Porte\u00f1o Plaza I, II y III. Tiene un dise\u00f1o de prisma rectangular con accesos principales en los laterales cortos: el hotel se accede desde el Boulevard Macacha G\u00fcemes y el Centro de Convenciones desde la calle Manuela S\u00e1enz. El edificio destaca por un gran vano de vidrio curvado que revela el hall central de doble altura, coronado por una gran lucarna. Las habitaciones est\u00e1n ubicadas en los per\u00edmetros, balconeando al exterior. El hall central organiza el espacio, con una bater\u00eda de ascensores en el medio, y ubicados en la parte posterior se encuentran el centro de convenciones y otros espacios comunes, como la pileta.<\/p>\n<p>[\/vc_column_text][\/vc_column][vc_column width=\u00bb1\/6&#8243;][\/vc_column][\/vc_row][vc_row][vc_column][vc_empty_space height=\u00bb50px\u00bb][\/vc_column][\/vc_row]<\/p>\n<\/div>","protected":false},"excerpt":{"rendered":"<p>[vc_row full_width=\u00bbstretch_row_content\u00bb awb_type=\u00bbimage\u00bb awb_image_background_position=\u00bb50% 50%\u00bb css=\u00bb.vc_custom_1730395655110{padding-top: 60px !important;padding-bottom: 60px !important;}\u00bb awb_image=\u00bb844&#8243; el_id=\u00bbenDesktop\u00bb][vc_column][vc_empty_space height=\u00bb420&#8243;][\/vc_column][\/vc_row][vc_row full_width=\u00bbstretch_row_content_no_spaces\u00bb awb_type=\u00bbimage\u00bb el_id=\u00bbenMobile\u00bb][vc_column][vc_column_text css=\u00bb\u00bb] [\/vc_column_text][\/vc_column][\/vc_row][vc_row full_width=\u00bbstretch_row_content\u00bb css=\u00bb.vc_custom_1725558985348{padding-top: 80px !important;padding-bottom: 20px !important;}\u00bb][vc_column width=\u00bb1\/6&#8243;][\/vc_column][vc_column width=\u00bb2\/3&#8243;][vc_column_text css=\u00bb.vc_custom_1725825657851{margin-bottom: 0px !important;}\u00bb] Hotel Internacional Hilton y South Convention Center [\/vc_column_text][vc_column_text css=\u00bb.vc_custom_1725825697038{margin-top: 10px !important;margin-bottom: 10px !important;}\u00bb] MARIO ROBERTO \u00c1LVAREZ \/ LEONARDO KOPILOFF \/ MIGUEL RIVANERA \/ MARIANO BILIK 1998 [&hellip;]<\/p>\n","protected":false},"author":2,"featured_media":0,"parent":0,"menu_order":0,"comment_status":"closed","ping_status":"closed","template":"page-full-width.php","meta":{"footnotes":""},"class_list":["post-586","page","type-page","status-publish","hentry"],"_links":{"self":[{"href":"https:\/\/puertomadero.com\/nuevo-sitio\/wp-json\/wp\/v2\/pages\/586","targetHints":{"allow":["GET"]}}],"collection":[{"href":"https:\/\/puertomadero.com\/nuevo-sitio\/wp-json\/wp\/v2\/pages"}],"about":[{"href":"https:\/\/puertomadero.com\/nuevo-sitio\/wp-json\/wp\/v2\/types\/page"}],"author":[{"embeddable":true,"href":"https:\/\/puertomadero.com\/nuevo-sitio\/wp-json\/wp\/v2\/users\/2"}],"replies":[{"embeddable":true,"href":"https:\/\/puertomadero.com\/nuevo-sitio\/wp-json\/wp\/v2\/comments?post=586"}],"version-history":[{"count":3,"href":"https:\/\/puertomadero.com\/nuevo-sitio\/wp-json\/wp\/v2\/pages\/586\/revisions"}],"predecessor-version":[{"id":890,"href":"https:\/\/puertomadero.com\/nuevo-sitio\/wp-json\/wp\/v2\/pages\/586\/revisions\/890"}],"wp:attachment":[{"href":"https:\/\/puertomadero.com\/nuevo-sitio\/wp-json\/wp\/v2\/media?parent=586"}],"curies":[{"name":"wp","href":"https:\/\/api.w.org\/{rel}","templated":true}]}}