{"id":590,"date":"2024-09-08T20:11:29","date_gmt":"2024-09-08T20:11:29","guid":{"rendered":"https:\/\/puertomadero.com\/nuevo-sitio\/?page_id=590"},"modified":"2024-10-31T17:48:24","modified_gmt":"2024-10-31T17:48:24","slug":"los-molinos-building","status":"publish","type":"page","link":"https:\/\/puertomadero.com\/nuevo-sitio\/los-molinos-building\/","title":{"rendered":"LOS MOLINOS BUILDING"},"content":{"rendered":"<div class=\"wpb-content-wrapper\"><p>[vc_row full_width=\u00bbstretch_row_content\u00bb awb_type=\u00bbimage\u00bb awb_image_background_position=\u00bb50% 50%\u00bb css=\u00bb.vc_custom_1730396827998{padding-top: 60px !important;padding-bottom: 60px !important;}\u00bb awb_image=\u00bb846&#8243; el_id=\u00bbenDesktop\u00bb][vc_column][vc_empty_space height=\u00bb420&#8243;][\/vc_column][\/vc_row][vc_row full_width=\u00bbstretch_row_content_no_spaces\u00bb awb_type=\u00bbimage\u00bb el_id=\u00bbenMobile\u00bb][vc_column][vc_column_text css=\u00bb\u00bb]<img decoding=\"async\" class=\"alignnone size-full wp-image-779\" src=\"https:\/\/puertomadero.com\/nuevo-sitio\/wp-content\/uploads\/2024\/10\/MOBILE-los-molinos.jpg\" alt=\"\" width=\"100%\" \/><\/p>\n<p>[\/vc_column_text][\/vc_column][\/vc_row][vc_row full_width=\u00bbstretch_row_content\u00bb css=\u00bb.vc_custom_1725558985348{padding-top: 80px !important;padding-bottom: 20px !important;}\u00bb][vc_column width=\u00bb1\/6&#8243;][\/vc_column][vc_column width=\u00bb2\/3&#8243;][vc_column_text css=\u00bb.vc_custom_1725825767807{margin-bottom: 0px !important;}\u00bb]<\/p>\n<h1 class=\"roboto\" style=\"text-align: center;\">LOS MOLINOS BUILDING<\/h1>\n<p>[\/vc_column_text][vc_column_text css=\u00bb.vc_custom_1725825800065{margin-top: 10px !important;margin-bottom: 10px !important;}\u00bb]<\/p>\n<p class=\"destacado\" style=\"text-align: center;\">PEDRO WOFCY \/ MIKE MCCORMACK \/ SEBASTIAN BALBUENA<br \/>\n2007 &#8211; 2009<\/p>\n<p>[\/vc_column_text][\/vc_column][vc_column width=\u00bb1\/6&#8243;][\/vc_column][\/vc_row][vc_row full_width=\u00bbstretch_row_content\u00bb css=\u00bb.vc_custom_1724188803210{padding-top: 30px !important;padding-bottom: 40px !important;}\u00bb][vc_column width=\u00bb1\/6&#8243;][\/vc_column][vc_column width=\u00bb2\/3&#8243;][vc_column_text css=\u00bb.vc_custom_1725825819664{margin-top: 20px !important;margin-bottom: 10px !important;}\u00bb]<\/p>\n<p class=\"destacado\" style=\"text-align: center;\">Los Molinos Building, el proyecto transform\u00f3 dos antiguos molinos de cereales de principios del siglo XX, en parte del Faena Art District. La refuncionalizaci\u00f3n preserv\u00f3 la estructura original de los molinos y la sala de m\u00e1quinas, incorporando 92 viviendas de 80 a 270 m2, distribuidas en seis bloques con acceso independiente, locales comerciales, 1500 m2 de oficinas, una plaza p\u00fablica y un centro cultural. La intervenci\u00f3n mantuvo gran parte de las fachadas originales, combin\u00e1ndolas con nuevos vol\u00famenes de geometr\u00edas simples y materiales modernos. Un elemento destacado es una caja alargada y vidriada que une los dos edificios de los molinos, formando un gran portal con un atrio pasante. Este acceso conecta las calles Juana Manso y Aim\u00e9 Paine, sobre el que se presenta un mural del artista Pablo Siquier en el patio de entrada.<\/p>\n<p>[\/vc_column_text][\/vc_column][vc_column width=\u00bb1\/6&#8243;][\/vc_column][\/vc_row][vc_row][vc_column][vc_empty_space height=\u00bb50px\u00bb][\/vc_column][\/vc_row]<\/p>\n<\/div>","protected":false},"excerpt":{"rendered":"<p>[vc_row full_width=\u00bbstretch_row_content\u00bb awb_type=\u00bbimage\u00bb awb_image_background_position=\u00bb50% 50%\u00bb css=\u00bb.vc_custom_1730396827998{padding-top: 60px !important;padding-bottom: 60px !important;}\u00bb awb_image=\u00bb846&#8243; el_id=\u00bbenDesktop\u00bb][vc_column][vc_empty_space height=\u00bb420&#8243;][\/vc_column][\/vc_row][vc_row full_width=\u00bbstretch_row_content_no_spaces\u00bb awb_type=\u00bbimage\u00bb el_id=\u00bbenMobile\u00bb][vc_column][vc_column_text css=\u00bb\u00bb] [\/vc_column_text][\/vc_column][\/vc_row][vc_row full_width=\u00bbstretch_row_content\u00bb css=\u00bb.vc_custom_1725558985348{padding-top: 80px !important;padding-bottom: 20px !important;}\u00bb][vc_column width=\u00bb1\/6&#8243;][\/vc_column][vc_column width=\u00bb2\/3&#8243;][vc_column_text css=\u00bb.vc_custom_1725825767807{margin-bottom: 0px !important;}\u00bb] LOS MOLINOS BUILDING [\/vc_column_text][vc_column_text css=\u00bb.vc_custom_1725825800065{margin-top: 10px !important;margin-bottom: 10px !important;}\u00bb] PEDRO WOFCY \/ MIKE MCCORMACK \/ SEBASTIAN BALBUENA 2007 &#8211; 2009 [\/vc_column_text][\/vc_column][vc_column width=\u00bb1\/6&#8243;][\/vc_column][\/vc_row][vc_row full_width=\u00bbstretch_row_content\u00bb css=\u00bb.vc_custom_1724188803210{padding-top: 30px !important;padding-bottom: [&hellip;]<\/p>\n","protected":false},"author":2,"featured_media":0,"parent":0,"menu_order":0,"comment_status":"closed","ping_status":"closed","template":"page-full-width.php","meta":{"footnotes":""},"class_list":["post-590","page","type-page","status-publish","hentry"],"_links":{"self":[{"href":"https:\/\/puertomadero.com\/nuevo-sitio\/wp-json\/wp\/v2\/pages\/590","targetHints":{"allow":["GET"]}}],"collection":[{"href":"https:\/\/puertomadero.com\/nuevo-sitio\/wp-json\/wp\/v2\/pages"}],"about":[{"href":"https:\/\/puertomadero.com\/nuevo-sitio\/wp-json\/wp\/v2\/types\/page"}],"author":[{"embeddable":true,"href":"https:\/\/puertomadero.com\/nuevo-sitio\/wp-json\/wp\/v2\/users\/2"}],"replies":[{"embeddable":true,"href":"https:\/\/puertomadero.com\/nuevo-sitio\/wp-json\/wp\/v2\/comments?post=590"}],"version-history":[{"count":3,"href":"https:\/\/puertomadero.com\/nuevo-sitio\/wp-json\/wp\/v2\/pages\/590\/revisions"}],"predecessor-version":[{"id":897,"href":"https:\/\/puertomadero.com\/nuevo-sitio\/wp-json\/wp\/v2\/pages\/590\/revisions\/897"}],"wp:attachment":[{"href":"https:\/\/puertomadero.com\/nuevo-sitio\/wp-json\/wp\/v2\/media?parent=590"}],"curies":[{"name":"wp","href":"https:\/\/api.w.org\/{rel}","templated":true}]}}