{"id":593,"date":"2024-09-08T20:12:49","date_gmt":"2024-09-08T20:12:49","guid":{"rendered":"https:\/\/puertomadero.com\/nuevo-sitio\/?page_id=593"},"modified":"2024-10-31T17:15:35","modified_gmt":"2024-10-31T17:15:35","slug":"el-aleph","status":"publish","type":"page","link":"https:\/\/puertomadero.com\/nuevo-sitio\/el-aleph\/","title":{"rendered":"EL ALEPH"},"content":{"rendered":"<div class=\"wpb-content-wrapper\"><p>[vc_row full_width=\u00bbstretch_row_content\u00bb awb_type=\u00bbimage\u00bb awb_image_background_position=\u00bb50% 50%\u00bb css=\u00bb.vc_custom_1730394826612{padding-top: 60px !important;padding-bottom: 60px !important;}\u00bb awb_image=\u00bb841&#8243; el_id=\u00bbenDesktop\u00bb][vc_column][vc_empty_space height=\u00bb420&#8243;][\/vc_column][\/vc_row][vc_row full_width=\u00bbstretch_row_content_no_spaces\u00bb awb_type=\u00bbimage\u00bb el_id=\u00bbenMobile\u00bb][vc_column][vc_column_text css=\u00bb\u00bb]<img decoding=\"async\" class=\"alignnone size-full wp-image-779\" src=\"https:\/\/puertomadero.com\/nuevo-sitio\/wp-content\/uploads\/2024\/10\/MOBILE-el-aleph.jpg\" alt=\"\" width=\"100%\" \/><\/p>\n<p>[\/vc_column_text][\/vc_column][\/vc_row][vc_row full_width=\u00bbstretch_row_content\u00bb css=\u00bb.vc_custom_1725558985348{padding-top: 80px !important;padding-bottom: 20px !important;}\u00bb][vc_column width=\u00bb1\/6&#8243;][\/vc_column][vc_column width=\u00bb2\/3&#8243;][vc_column_text css=\u00bb.vc_custom_1725825856666{margin-bottom: 0px !important;}\u00bb]<\/p>\n<h1 class=\"roboto\" style=\"text-align: center;\">EL ALEPH<\/h1>\n<p>[\/vc_column_text][vc_column_text css=\u00bb.vc_custom_1725825887321{margin-top: 10px !important;margin-bottom: 10px !important;}\u00bb]<\/p>\n<p class=\"destacado\" style=\"text-align: center;\">NORMAN FOSTER \/ CARLOS BERDICHEVSKY \/ RUB\u00c9N CHERNY<br \/>\n2006 &#8211; 2012<\/p>\n<p>[\/vc_column_text][\/vc_column][vc_column width=\u00bb1\/6&#8243;][\/vc_column][\/vc_row][vc_row full_width=\u00bbstretch_row_content\u00bb css=\u00bb.vc_custom_1724188803210{padding-top: 30px !important;padding-bottom: 40px !important;}\u00bb][vc_column width=\u00bb1\/6&#8243;][\/vc_column][vc_column width=\u00bb2\/3&#8243;][vc_column_text css=\u00bb.vc_custom_1725825899324{margin-top: 20px !important;margin-bottom: 10px !important;}\u00bb]<\/p>\n<p class=\"destacado\" style=\"text-align: center;\">Inspirado en las viviendas tradicionales porte\u00f1as, el proyecto busca redefinir la relaci\u00f3n entre el interior y el exterior mediante balcones salientes, patios en doble altura y paneles m\u00f3viles para controlar la luz y las sombras. El uso de techos abovedados visibles, carpinter\u00edas de bronce y grandes ventanales mejora la ventilaci\u00f3n y las vistas. Las fachadas presentan una combinaci\u00f3n de hormig\u00f3n, vidrio y metal, y el dise\u00f1o ha recibido un premio del Royal Institute of British Architects (RIBA).<\/p>\n<p>[\/vc_column_text][\/vc_column][vc_column width=\u00bb1\/6&#8243;][\/vc_column][\/vc_row][vc_row][vc_column][vc_empty_space height=\u00bb50px\u00bb][\/vc_column][\/vc_row]<\/p>\n<\/div>","protected":false},"excerpt":{"rendered":"<p>[vc_row full_width=\u00bbstretch_row_content\u00bb awb_type=\u00bbimage\u00bb awb_image_background_position=\u00bb50% 50%\u00bb css=\u00bb.vc_custom_1730394826612{padding-top: 60px !important;padding-bottom: 60px !important;}\u00bb awb_image=\u00bb841&#8243; el_id=\u00bbenDesktop\u00bb][vc_column][vc_empty_space height=\u00bb420&#8243;][\/vc_column][\/vc_row][vc_row full_width=\u00bbstretch_row_content_no_spaces\u00bb awb_type=\u00bbimage\u00bb el_id=\u00bbenMobile\u00bb][vc_column][vc_column_text css=\u00bb\u00bb] [\/vc_column_text][\/vc_column][\/vc_row][vc_row full_width=\u00bbstretch_row_content\u00bb css=\u00bb.vc_custom_1725558985348{padding-top: 80px !important;padding-bottom: 20px !important;}\u00bb][vc_column width=\u00bb1\/6&#8243;][\/vc_column][vc_column width=\u00bb2\/3&#8243;][vc_column_text css=\u00bb.vc_custom_1725825856666{margin-bottom: 0px !important;}\u00bb] EL ALEPH [\/vc_column_text][vc_column_text css=\u00bb.vc_custom_1725825887321{margin-top: 10px !important;margin-bottom: 10px !important;}\u00bb] NORMAN FOSTER \/ CARLOS BERDICHEVSKY \/ RUB\u00c9N CHERNY 2006 &#8211; 2012 [\/vc_column_text][\/vc_column][vc_column width=\u00bb1\/6&#8243;][\/vc_column][\/vc_row][vc_row full_width=\u00bbstretch_row_content\u00bb css=\u00bb.vc_custom_1724188803210{padding-top: 30px !important;padding-bottom: 40px [&hellip;]<\/p>\n","protected":false},"author":2,"featured_media":0,"parent":0,"menu_order":0,"comment_status":"closed","ping_status":"closed","template":"page-full-width.php","meta":{"footnotes":""},"class_list":["post-593","page","type-page","status-publish","hentry"],"_links":{"self":[{"href":"https:\/\/puertomadero.com\/nuevo-sitio\/wp-json\/wp\/v2\/pages\/593","targetHints":{"allow":["GET"]}}],"collection":[{"href":"https:\/\/puertomadero.com\/nuevo-sitio\/wp-json\/wp\/v2\/pages"}],"about":[{"href":"https:\/\/puertomadero.com\/nuevo-sitio\/wp-json\/wp\/v2\/types\/page"}],"author":[{"embeddable":true,"href":"https:\/\/puertomadero.com\/nuevo-sitio\/wp-json\/wp\/v2\/users\/2"}],"replies":[{"embeddable":true,"href":"https:\/\/puertomadero.com\/nuevo-sitio\/wp-json\/wp\/v2\/comments?post=593"}],"version-history":[{"count":3,"href":"https:\/\/puertomadero.com\/nuevo-sitio\/wp-json\/wp\/v2\/pages\/593\/revisions"}],"predecessor-version":[{"id":883,"href":"https:\/\/puertomadero.com\/nuevo-sitio\/wp-json\/wp\/v2\/pages\/593\/revisions\/883"}],"wp:attachment":[{"href":"https:\/\/puertomadero.com\/nuevo-sitio\/wp-json\/wp\/v2\/media?parent=593"}],"curies":[{"name":"wp","href":"https:\/\/api.w.org\/{rel}","templated":true}]}}