{"id":600,"date":"2024-09-08T20:15:56","date_gmt":"2024-09-08T20:15:56","guid":{"rendered":"https:\/\/puertomadero.com\/nuevo-sitio\/?page_id=600"},"modified":"2024-11-11T20:46:50","modified_gmt":"2024-11-11T20:46:50","slug":"torre-malecon","status":"publish","type":"page","link":"https:\/\/puertomadero.com\/nuevo-sitio\/torre-malecon\/","title":{"rendered":"TORRE MALEC\u00d3N"},"content":{"rendered":"<div class=\"wpb-content-wrapper\"><p>[vc_row full_width=\u00bbstretch_row_content\u00bb awb_type=\u00bbimage\u00bb awb_image_background_position=\u00bb50% 50%\u00bb css=\u00bb.vc_custom_1731357926784{padding-top: 60px !important;padding-bottom: 60px !important;}\u00bb awb_image=\u00bb951&#8243; el_id=\u00bbenDesktop\u00bb][vc_column][vc_empty_space height=\u00bb420&#8243;][\/vc_column][\/vc_row][vc_row full_width=\u00bbstretch_row_content_no_spaces\u00bb awb_type=\u00bbimage\u00bb el_id=\u00bbenMobile\u00bb][vc_column][vc_column_text css=\u00bb\u00bb]<img decoding=\"async\" class=\"alignnone size-full wp-image-779\" src=\"https:\/\/puertomadero.com\/nuevo-sitio\/wp-content\/uploads\/2024\/11\/MOBILE-torre-malecon.jpg\" alt=\"\" width=\"100%\" \/><br \/>\n[\/vc_column_text][\/vc_column][\/vc_row][vc_row full_width=\u00bbstretch_row_content\u00bb css=\u00bb.vc_custom_1725558985348{padding-top: 80px !important;padding-bottom: 20px !important;}\u00bb][vc_column width=\u00bb1\/6&#8243;][\/vc_column][vc_column width=\u00bb2\/3&#8243;][vc_column_text css=\u00bb.vc_custom_1725826039272{margin-bottom: 0px !important;}\u00bb]<\/p>\n<h1 class=\"roboto\" style=\"text-align: center;\">TORRE MALEC\u00d3N<\/h1>\n<p>[\/vc_column_text][vc_column_text css=\u00bb.vc_custom_1725826072473{margin-top: 10px !important;margin-bottom: 10px !important;}\u00bb]<\/p>\n<p class=\"destacado\" style=\"text-align: center;\">RIPLEY RASMUS \/ CHRIS CEDERGREEN \/ HANS HECKER \/ LYLE HODGIN \/ JAVIER HOJMAN<br \/>\n1995 &#8211; 1999<\/p>\n<p>[\/vc_column_text][\/vc_column][vc_column width=\u00bb1\/6&#8243;][\/vc_column][\/vc_row][vc_row full_width=\u00bbstretch_row_content\u00bb css=\u00bb.vc_custom_1724188803210{padding-top: 30px !important;padding-bottom: 40px !important;}\u00bb][vc_column width=\u00bb1\/6&#8243;][\/vc_column][vc_column width=\u00bb2\/3&#8243;][vc_column_text css=\u00bb.vc_custom_1725826086504{margin-top: 20px !important;margin-bottom: 10px !important;}\u00bb]<\/p>\n<p class=\"destacado\" style=\"text-align: center;\">El Edificio Malec\u00f3n es una torre de oficinas de 12 pisos con un hall de doble altura y un basamento comercial de 8 metros, que incluye una plaza y terrazas. Ofrece 150 cocheras cubiertas y 70 descubiertas. Su dise\u00f1o se basa en dos curvas que recuerdan a una embarcaci\u00f3n, optimizando vistas y luz natural. Las fachadas curvas utilizan vidrio doble y parasoles para controlar la radiaci\u00f3n solar. El n\u00facleo rectangular de servicios y el volumen adyacente para las circulaciones verticales generan un volumen de torre que se vuelve m\u00e1s transparente en el \u00e1rea de las escaleras.<\/p>\n<p>[\/vc_column_text][\/vc_column][vc_column width=\u00bb1\/6&#8243;][\/vc_column][\/vc_row][vc_row][vc_column][vc_empty_space height=\u00bb50px\u00bb][\/vc_column][\/vc_row]<\/p>\n<\/div>","protected":false},"excerpt":{"rendered":"<p>[vc_row full_width=\u00bbstretch_row_content\u00bb awb_type=\u00bbimage\u00bb awb_image_background_position=\u00bb50% 50%\u00bb css=\u00bb.vc_custom_1731357926784{padding-top: 60px !important;padding-bottom: 60px !important;}\u00bb awb_image=\u00bb951&#8243; el_id=\u00bbenDesktop\u00bb][vc_column][vc_empty_space height=\u00bb420&#8243;][\/vc_column][\/vc_row][vc_row full_width=\u00bbstretch_row_content_no_spaces\u00bb awb_type=\u00bbimage\u00bb el_id=\u00bbenMobile\u00bb][vc_column][vc_column_text css=\u00bb\u00bb] [\/vc_column_text][\/vc_column][\/vc_row][vc_row full_width=\u00bbstretch_row_content\u00bb css=\u00bb.vc_custom_1725558985348{padding-top: 80px !important;padding-bottom: 20px !important;}\u00bb][vc_column width=\u00bb1\/6&#8243;][\/vc_column][vc_column width=\u00bb2\/3&#8243;][vc_column_text css=\u00bb.vc_custom_1725826039272{margin-bottom: 0px !important;}\u00bb] TORRE MALEC\u00d3N [\/vc_column_text][vc_column_text css=\u00bb.vc_custom_1725826072473{margin-top: 10px !important;margin-bottom: 10px !important;}\u00bb] RIPLEY RASMUS \/ CHRIS CEDERGREEN \/ HANS HECKER \/ LYLE HODGIN \/ JAVIER HOJMAN 1995 &#8211; 1999 [\/vc_column_text][\/vc_column][vc_column [&hellip;]<\/p>\n","protected":false},"author":2,"featured_media":0,"parent":0,"menu_order":0,"comment_status":"closed","ping_status":"closed","template":"page-full-width.php","meta":{"footnotes":""},"class_list":["post-600","page","type-page","status-publish","hentry"],"_links":{"self":[{"href":"https:\/\/puertomadero.com\/nuevo-sitio\/wp-json\/wp\/v2\/pages\/600","targetHints":{"allow":["GET"]}}],"collection":[{"href":"https:\/\/puertomadero.com\/nuevo-sitio\/wp-json\/wp\/v2\/pages"}],"about":[{"href":"https:\/\/puertomadero.com\/nuevo-sitio\/wp-json\/wp\/v2\/types\/page"}],"author":[{"embeddable":true,"href":"https:\/\/puertomadero.com\/nuevo-sitio\/wp-json\/wp\/v2\/users\/2"}],"replies":[{"embeddable":true,"href":"https:\/\/puertomadero.com\/nuevo-sitio\/wp-json\/wp\/v2\/comments?post=600"}],"version-history":[{"count":3,"href":"https:\/\/puertomadero.com\/nuevo-sitio\/wp-json\/wp\/v2\/pages\/600\/revisions"}],"predecessor-version":[{"id":952,"href":"https:\/\/puertomadero.com\/nuevo-sitio\/wp-json\/wp\/v2\/pages\/600\/revisions\/952"}],"wp:attachment":[{"href":"https:\/\/puertomadero.com\/nuevo-sitio\/wp-json\/wp\/v2\/media?parent=600"}],"curies":[{"name":"wp","href":"https:\/\/api.w.org\/{rel}","templated":true}]}}