{"id":618,"date":"2024-09-09T14:21:11","date_gmt":"2024-09-09T14:21:11","guid":{"rendered":"https:\/\/puertomadero.com\/nuevo-sitio\/?page_id=618"},"modified":"2024-10-31T17:35:49","modified_gmt":"2024-10-31T17:35:49","slug":"iglesia-del-corazon-de-jesus","status":"publish","type":"page","link":"https:\/\/puertomadero.com\/nuevo-sitio\/iglesia-del-corazon-de-jesus\/","title":{"rendered":"IGLESIA DEL CORAZ\u00d3N DE JES\u00daS"},"content":{"rendered":"<div class=\"wpb-content-wrapper\"><p>[vc_row full_width=\u00bbstretch_row_content\u00bb awb_type=\u00bbimage\u00bb awb_image_background_position=\u00bb50% 50%\u00bb css=\u00bb.vc_custom_1730395966115{padding-top: 60px !important;padding-bottom: 60px !important;}\u00bb awb_image=\u00bb840&#8243; el_id=\u00bbenDesktop\u00bb][vc_column][vc_empty_space height=\u00bb420&#8243;][\/vc_column][\/vc_row][vc_row full_width=\u00bbstretch_row_content_no_spaces\u00bb awb_type=\u00bbimage\u00bb el_id=\u00bbenMobile\u00bb][vc_column][vc_column_text css=\u00bb\u00bb]<img decoding=\"async\" class=\"alignnone size-full wp-image-779\" src=\"https:\/\/puertomadero.com\/nuevo-sitio\/wp-content\/uploads\/2024\/10\/MOBILE-capilla-uca-2.jpg\" alt=\"\" width=\"100%\" \/><\/p>\n<p>[\/vc_column_text][\/vc_column][\/vc_row][vc_row full_width=\u00bbstretch_row_content\u00bb css=\u00bb.vc_custom_1725558985348{padding-top: 80px !important;padding-bottom: 20px !important;}\u00bb][vc_column width=\u00bb1\/6&#8243;][\/vc_column][vc_column width=\u00bb2\/3&#8243;][vc_column_text css=\u00bb.vc_custom_1725891131993{margin-bottom: 0px !important;}\u00bb]<\/p>\n<h1 class=\"roboto\" style=\"text-align: center;\">IGLESIA DEL CORAZ\u00d3N DE JES\u00daS<\/h1>\n<p>[\/vc_column_text][vc_column_text css=\u00bb.vc_custom_1725891181780{margin-top: 10px !important;margin-bottom: 10px !important;}\u00bb]<\/p>\n<p class=\"destacado\" style=\"text-align: center;\">JOS\u00c9 URGELL \/ AUGUSTO PENEDO \/ JUAN URGELL \/ ENRIQUE FAZIO<br \/>\n2004 &#8211; 2010<\/p>\n<p>[\/vc_column_text][\/vc_column][vc_column width=\u00bb1\/6&#8243;][\/vc_column][\/vc_row][vc_row full_width=\u00bbstretch_row_content\u00bb css=\u00bb.vc_custom_1724188803210{padding-top: 30px !important;padding-bottom: 40px !important;}\u00bb][vc_column width=\u00bb1\/6&#8243;][\/vc_column][vc_column width=\u00bb2\/3&#8243;][vc_column_text css=\u00bb.vc_custom_1725891198424{margin-top: 20px !important;margin-bottom: 10px !important;}\u00bb]<\/p>\n<p class=\"destacado\" style=\"text-align: center;\">El proyecto de la Iglesia del Coraz\u00f3n de Jes\u00fas, dise\u00f1ado como parte del completamiento de los docks en Puerto Madero, refleja un enfoque arquitect\u00f3nico profundamente simb\u00f3lico. Inspirado en la b\u00fasqueda de un espacio para el v\u00ednculo con lo divino, se opt\u00f3 por una est\u00e9tica austera pero significativa, utilizando hormig\u00f3n, vidrio y madera para crear una estructura que respeta las normativas urban\u00edsticas mientras destaca por su simplicidad y elegancia. El dise\u00f1o interior, sin columnas y con paredes de madera, enfatiza la nave central, iluminada de manera que resalta la cruz suspendida. La disposici\u00f3n del volumen y el uso de luz natural y artificial buscan un ambiente adecuado para la oraci\u00f3n y el recogimiento, integrando de forma armoniosa el espacio espiritual con su entorno urbano.<\/p>\n<p>[\/vc_column_text][\/vc_column][vc_column width=\u00bb1\/6&#8243;][\/vc_column][\/vc_row][vc_row][vc_column][vc_empty_space height=\u00bb50px\u00bb][\/vc_column][\/vc_row]<\/p>\n<\/div>","protected":false},"excerpt":{"rendered":"<p>[vc_row full_width=\u00bbstretch_row_content\u00bb awb_type=\u00bbimage\u00bb awb_image_background_position=\u00bb50% 50%\u00bb css=\u00bb.vc_custom_1730395966115{padding-top: 60px !important;padding-bottom: 60px !important;}\u00bb awb_image=\u00bb840&#8243; el_id=\u00bbenDesktop\u00bb][vc_column][vc_empty_space height=\u00bb420&#8243;][\/vc_column][\/vc_row][vc_row full_width=\u00bbstretch_row_content_no_spaces\u00bb awb_type=\u00bbimage\u00bb el_id=\u00bbenMobile\u00bb][vc_column][vc_column_text css=\u00bb\u00bb] [\/vc_column_text][\/vc_column][\/vc_row][vc_row full_width=\u00bbstretch_row_content\u00bb css=\u00bb.vc_custom_1725558985348{padding-top: 80px !important;padding-bottom: 20px !important;}\u00bb][vc_column width=\u00bb1\/6&#8243;][\/vc_column][vc_column width=\u00bb2\/3&#8243;][vc_column_text css=\u00bb.vc_custom_1725891131993{margin-bottom: 0px !important;}\u00bb] IGLESIA DEL CORAZ\u00d3N DE JES\u00daS [\/vc_column_text][vc_column_text css=\u00bb.vc_custom_1725891181780{margin-top: 10px !important;margin-bottom: 10px !important;}\u00bb] JOS\u00c9 URGELL \/ AUGUSTO PENEDO \/ JUAN URGELL \/ ENRIQUE FAZIO 2004 &#8211; 2010 [\/vc_column_text][\/vc_column][vc_column [&hellip;]<\/p>\n","protected":false},"author":2,"featured_media":0,"parent":0,"menu_order":0,"comment_status":"closed","ping_status":"closed","template":"page-full-width.php","meta":{"footnotes":""},"class_list":["post-618","page","type-page","status-publish","hentry"],"_links":{"self":[{"href":"https:\/\/puertomadero.com\/nuevo-sitio\/wp-json\/wp\/v2\/pages\/618","targetHints":{"allow":["GET"]}}],"collection":[{"href":"https:\/\/puertomadero.com\/nuevo-sitio\/wp-json\/wp\/v2\/pages"}],"about":[{"href":"https:\/\/puertomadero.com\/nuevo-sitio\/wp-json\/wp\/v2\/types\/page"}],"author":[{"embeddable":true,"href":"https:\/\/puertomadero.com\/nuevo-sitio\/wp-json\/wp\/v2\/users\/2"}],"replies":[{"embeddable":true,"href":"https:\/\/puertomadero.com\/nuevo-sitio\/wp-json\/wp\/v2\/comments?post=618"}],"version-history":[{"count":3,"href":"https:\/\/puertomadero.com\/nuevo-sitio\/wp-json\/wp\/v2\/pages\/618\/revisions"}],"predecessor-version":[{"id":892,"href":"https:\/\/puertomadero.com\/nuevo-sitio\/wp-json\/wp\/v2\/pages\/618\/revisions\/892"}],"wp:attachment":[{"href":"https:\/\/puertomadero.com\/nuevo-sitio\/wp-json\/wp\/v2\/media?parent=618"}],"curies":[{"name":"wp","href":"https:\/\/api.w.org\/{rel}","templated":true}]}}